{"id":88,"date":"2013-08-08T12:17:05","date_gmt":"2013-08-08T10:17:05","guid":{"rendered":"http:\/\/tsg-badenhausen.de\/?page_id=88"},"modified":"2017-01-16T00:57:38","modified_gmt":"2017-01-15T22:57:38","slug":"freizeitkicker","status":"publish","type":"page","link":"https:\/\/tsg-badenhausen.de\/cms\/handball\/freizeitkicker.html","title":{"rendered":"Freizeitkicker"},"content":{"rendered":"<p><strong>Dienstag, 20.15 \u2013 21.15 Uhr, kleine Turnhalle, \u00dcL: Andreas Rosenthal<\/strong><\/p>\n<p>Jeden Dienstag treffen sich einige M\u00e4nner, die sich mit ein bisschen kicken fit halten wollen.<br \/>\nHierbei geht es in erster Linie um Spa\u00df und Bewegung.<\/p>\n<p><center><br \/>\n<a href=\"http:\/\/tsg-badenhausen.de\/cms\/wp-content\/uploads\/2013\/08\/Kicker_Gruppe.jpg\"><img decoding=\"async\" loading=\"lazy\" class=\"size-full wp-image-287 aligncenter\" src=\"http:\/\/tsg-badenhausen.de\/cms\/wp-content\/uploads\/2013\/08\/Kicker_Gruppe.jpg\" alt=\"Kicker Gruppe\" width=\"500\" height=\"332\" srcset=\"https:\/\/tsg-badenhausen.de\/cms\/wp-content\/uploads\/2013\/08\/Kicker_Gruppe.jpg 500w, https:\/\/tsg-badenhausen.de\/cms\/wp-content\/uploads\/2013\/08\/Kicker_Gruppe-300x199.jpg 300w\" sizes=\"(max-width: 500px) 100vw, 500px\" \/><\/a><\/center><\/p>\n<p style=\"text-align: center;\"><a href=\"http:\/\/tsg-badenhausen.de\/cms\/wp-content\/uploads\/2013\/08\/Kicker_1.jpg\"><img decoding=\"async\" loading=\"lazy\" class=\"size-full wp-image-282\" src=\"http:\/\/tsg-badenhausen.de\/cms\/wp-content\/uploads\/2013\/08\/Kicker_1.jpg\" alt=\"Freizeitkicker Bild 1\" width=\"500\" height=\"333\" srcset=\"https:\/\/tsg-badenhausen.de\/cms\/wp-content\/uploads\/2013\/08\/Kicker_1.jpg 500w, https:\/\/tsg-badenhausen.de\/cms\/wp-content\/uploads\/2013\/08\/Kicker_1-300x199.jpg 300w\" sizes=\"(max-width: 500px) 100vw, 500px\" \/><\/a><\/p>\n<p><a href=\"http:\/\/tsg-badenhausen.de\/cms\/wp-content\/uploads\/2013\/08\/Kicker_2.jpg\"><img decoding=\"async\" loading=\"lazy\" class=\"size-full wp-image-283 aligncenter\" src=\"http:\/\/tsg-badenhausen.de\/cms\/wp-content\/uploads\/2013\/08\/Kicker_2.jpg\" alt=\"Freizeitkicker Bild 2\" width=\"500\" height=\"334\" srcset=\"https:\/\/tsg-badenhausen.de\/cms\/wp-content\/uploads\/2013\/08\/Kicker_2.jpg 500w, https:\/\/tsg-badenhausen.de\/cms\/wp-content\/uploads\/2013\/08\/Kicker_2-300x200.jpg 300w\" sizes=\"(max-width: 500px) 100vw, 500px\" \/><\/a><\/p>\n<p><a href=\"http:\/\/tsg-badenhausen.de\/cms\/wp-content\/uploads\/2013\/08\/Kicker_3.jpg\"><img decoding=\"async\" loading=\"lazy\" class=\"size-full wp-image-284 aligncenter\" src=\"http:\/\/tsg-badenhausen.de\/cms\/wp-content\/uploads\/2013\/08\/Kicker_3.jpg\" alt=\"Freizeitkicker Bild 3\" width=\"500\" height=\"333\" srcset=\"https:\/\/tsg-badenhausen.de\/cms\/wp-content\/uploads\/2013\/08\/Kicker_3.jpg 500w, https:\/\/tsg-badenhausen.de\/cms\/wp-content\/uploads\/2013\/08\/Kicker_3-300x199.jpg 300w\" sizes=\"(max-width: 500px) 100vw, 500px\" \/><\/a><\/p>\n<p><a href=\"http:\/\/tsg-badenhausen.de\/cms\/wp-content\/uploads\/2013\/08\/Kicker_4.jpg\"><img decoding=\"async\" loading=\"lazy\" class=\"size-full wp-image-285 aligncenter\" src=\"http:\/\/tsg-badenhausen.de\/cms\/wp-content\/uploads\/2013\/08\/Kicker_4.jpg\" alt=\"Freizeitkicker Bild 4\" width=\"500\" height=\"333\" srcset=\"https:\/\/tsg-badenhausen.de\/cms\/wp-content\/uploads\/2013\/08\/Kicker_4.jpg 500w, https:\/\/tsg-badenhausen.de\/cms\/wp-content\/uploads\/2013\/08\/Kicker_4-300x199.jpg 300w\" sizes=\"(max-width: 500px) 100vw, 500px\" \/><\/a><\/p>\n<p><a href=\"http:\/\/tsg-badenhausen.de\/cms\/wp-content\/uploads\/2013\/08\/Kicker_5.jpg\"><img decoding=\"async\" loading=\"lazy\" class=\"size-full wp-image-286 aligncenter\" src=\"http:\/\/tsg-badenhausen.de\/cms\/wp-content\/uploads\/2013\/08\/Kicker_5.jpg\" alt=\"Freizeitkicker Bild 5\" width=\"500\" height=\"334\" srcset=\"https:\/\/tsg-badenhausen.de\/cms\/wp-content\/uploads\/2013\/08\/Kicker_5.jpg 500w, https:\/\/tsg-badenhausen.de\/cms\/wp-content\/uploads\/2013\/08\/Kicker_5-300x200.jpg 300w\" sizes=\"(max-width: 500px) 100vw, 500px\" \/><\/a><\/p>\n","protected":false},"excerpt":{"rendered":"<p>Dienstag, 20.15 \u2013 21.15 Uhr, kleine Turnhalle, \u00dcL: Andreas Rosenthal Jeden Dienstag treffen sich einige M\u00e4nner, die sich mit ein bisschen kicken fit halten wollen. Hierbei geht es in erster Linie um Spa\u00df und Bewegung.<\/p>\n","protected":false},"author":3,"featured_media":0,"parent":21,"menu_order":0,"comment_status":"closed","ping_status":"open","template":"","meta":{"_links_to":"","_links_to_target":""},"_links":{"self":[{"href":"https:\/\/tsg-badenhausen.de\/cms\/wp-json\/wp\/v2\/pages\/88"}],"collection":[{"href":"https:\/\/tsg-badenhausen.de\/cms\/wp-json\/wp\/v2\/pages"}],"about":[{"href":"https:\/\/tsg-badenhausen.de\/cms\/wp-json\/wp\/v2\/types\/page"}],"author":[{"embeddable":true,"href":"https:\/\/tsg-badenhausen.de\/cms\/wp-json\/wp\/v2\/users\/3"}],"replies":[{"embeddable":true,"href":"https:\/\/tsg-badenhausen.de\/cms\/wp-json\/wp\/v2\/comments?post=88"}],"version-history":[{"count":9,"href":"https:\/\/tsg-badenhausen.de\/cms\/wp-json\/wp\/v2\/pages\/88\/revisions"}],"predecessor-version":[{"id":2567,"href":"https:\/\/tsg-badenhausen.de\/cms\/wp-json\/wp\/v2\/pages\/88\/revisions\/2567"}],"up":[{"embeddable":true,"href":"https:\/\/tsg-badenhausen.de\/cms\/wp-json\/wp\/v2\/pages\/21"}],"wp:attachment":[{"href":"https:\/\/tsg-badenhausen.de\/cms\/wp-json\/wp\/v2\/media?parent=88"}],"curies":[{"name":"wp","href":"https:\/\/api.w.org\/{rel}","templated":true}]}}