{"id":84,"date":"2013-08-08T12:16:23","date_gmt":"2013-08-08T10:16:23","guid":{"rendered":"http:\/\/tsg-badenhausen.de\/?page_id=84"},"modified":"2026-01-11T23:55:38","modified_gmt":"2026-01-11T21:55:38","slug":"bodystyling","status":"publish","type":"page","link":"https:\/\/tsg-badenhausen.de\/cms\/handball\/bodystyling.html","title":{"rendered":"Bodystyling"},"content":{"rendered":"<p><strong>Montag, 19.00 &#8211; 20.00 Uhr, kleine Turnhalle, \u00dcL: Andrea Reuper und Pamela Apel<\/strong><\/p>\n<p>Jeden Montag treffen wir uns, um zu aktueller Chartmusik unseren ganzen K\u00f6rper mit Kraft-Ausdauer-\u00dcbungen<br \/>\nzu kr\u00e4ftigen und zu formen. Wir w\u00e4hlen aus verschiedenen Hilfsmitteln wie Step, Hanteln, Dynab\u00e4ndern, Pezzi-B\u00e4llen.<br \/>\nEs werden Beine, Arme, Bauch und R\u00fccken trainiert.<br \/>\nWir freuen uns immer \u00fcber Neuzug\u00e4nge. Bitte feste Hallenturnschuhe mitbringen.<\/p>\n<p><center><br \/>\n<a href=\"http:\/\/tsg-badenhausen.de\/cms\/wp-content\/uploads\/2013\/08\/BOP_Gruppe.jpg\"><img decoding=\"async\" loading=\"lazy\" class=\"size-full wp-image-252\" src=\"http:\/\/tsg-badenhausen.de\/cms\/wp-content\/uploads\/2013\/08\/BOP_Gruppe.jpg\" alt=\"Bodystyling Gruppe\" width=\"500\" height=\"333\" srcset=\"https:\/\/tsg-badenhausen.de\/cms\/wp-content\/uploads\/2013\/08\/BOP_Gruppe.jpg 500w, https:\/\/tsg-badenhausen.de\/cms\/wp-content\/uploads\/2013\/08\/BOP_Gruppe-300x199.jpg 300w\" sizes=\"(max-width: 500px) 100vw, 500px\" \/><\/a><\/center><center><\/center><center><\/center><a href=\"http:\/\/tsg-badenhausen.de\/cms\/wp-content\/uploads\/2013\/08\/BOP_1.jpg\"><img decoding=\"async\" loading=\"lazy\" class=\"size-full wp-image-244 aligncenter\" src=\"http:\/\/tsg-badenhausen.de\/cms\/wp-content\/uploads\/2013\/08\/BOP_1.jpg\" alt=\"Bodystyling Bild 1\" width=\"500\" height=\"333\" srcset=\"https:\/\/tsg-badenhausen.de\/cms\/wp-content\/uploads\/2013\/08\/BOP_1.jpg 500w, https:\/\/tsg-badenhausen.de\/cms\/wp-content\/uploads\/2013\/08\/BOP_1-300x199.jpg 300w\" sizes=\"(max-width: 500px) 100vw, 500px\" \/><\/a><\/p>\n<p><a href=\"http:\/\/tsg-badenhausen.de\/cms\/wp-content\/uploads\/2013\/08\/BOP_2.jpg\"><img decoding=\"async\" loading=\"lazy\" class=\"size-full wp-image-245 aligncenter\" src=\"http:\/\/tsg-badenhausen.de\/cms\/wp-content\/uploads\/2013\/08\/BOP_2.jpg\" alt=\"Bodystyling Bild 2\" width=\"500\" height=\"333\" srcset=\"https:\/\/tsg-badenhausen.de\/cms\/wp-content\/uploads\/2013\/08\/BOP_2.jpg 500w, https:\/\/tsg-badenhausen.de\/cms\/wp-content\/uploads\/2013\/08\/BOP_2-300x199.jpg 300w\" sizes=\"(max-width: 500px) 100vw, 500px\" \/><\/a><\/p>\n<p><a href=\"http:\/\/tsg-badenhausen.de\/cms\/wp-content\/uploads\/2013\/08\/BOP_3.jpg\"><img decoding=\"async\" loading=\"lazy\" class=\"size-full wp-image-246 aligncenter\" src=\"http:\/\/tsg-badenhausen.de\/cms\/wp-content\/uploads\/2013\/08\/BOP_3.jpg\" alt=\"Bodystyling Bild 3\" width=\"500\" height=\"334\" srcset=\"https:\/\/tsg-badenhausen.de\/cms\/wp-content\/uploads\/2013\/08\/BOP_3.jpg 500w, https:\/\/tsg-badenhausen.de\/cms\/wp-content\/uploads\/2013\/08\/BOP_3-300x200.jpg 300w\" sizes=\"(max-width: 500px) 100vw, 500px\" \/><\/a><\/p>\n<p><a href=\"http:\/\/tsg-badenhausen.de\/cms\/wp-content\/uploads\/2013\/08\/BOP_4.jpg\"><img decoding=\"async\" loading=\"lazy\" class=\"size-full wp-image-247 aligncenter\" src=\"http:\/\/tsg-badenhausen.de\/cms\/wp-content\/uploads\/2013\/08\/BOP_4.jpg\" alt=\"Bodystyling Bild 4\" width=\"500\" height=\"312\" srcset=\"https:\/\/tsg-badenhausen.de\/cms\/wp-content\/uploads\/2013\/08\/BOP_4.jpg 500w, https:\/\/tsg-badenhausen.de\/cms\/wp-content\/uploads\/2013\/08\/BOP_4-300x187.jpg 300w\" sizes=\"(max-width: 500px) 100vw, 500px\" \/><\/a><\/p>\n<p><a href=\"http:\/\/tsg-badenhausen.de\/cms\/wp-content\/uploads\/2013\/08\/BOP_5.jpg\"><img decoding=\"async\" loading=\"lazy\" class=\"size-full wp-image-248 aligncenter\" src=\"http:\/\/tsg-badenhausen.de\/cms\/wp-content\/uploads\/2013\/08\/BOP_5.jpg\" alt=\"Bodystyling Bild 5\" width=\"500\" height=\"334\" srcset=\"https:\/\/tsg-badenhausen.de\/cms\/wp-content\/uploads\/2013\/08\/BOP_5.jpg 500w, https:\/\/tsg-badenhausen.de\/cms\/wp-content\/uploads\/2013\/08\/BOP_5-300x200.jpg 300w\" sizes=\"(max-width: 500px) 100vw, 500px\" \/><\/a><\/p>\n<p><a href=\"http:\/\/tsg-badenhausen.de\/cms\/wp-content\/uploads\/2013\/08\/BOP_6.jpg\"><img decoding=\"async\" loading=\"lazy\" class=\"size-full wp-image-250 aligncenter\" src=\"http:\/\/tsg-badenhausen.de\/cms\/wp-content\/uploads\/2013\/08\/BOP_6.jpg\" alt=\"Bodystyling Bild 6\" width=\"500\" height=\"334\" srcset=\"https:\/\/tsg-badenhausen.de\/cms\/wp-content\/uploads\/2013\/08\/BOP_6.jpg 500w, https:\/\/tsg-badenhausen.de\/cms\/wp-content\/uploads\/2013\/08\/BOP_6-300x200.jpg 300w\" sizes=\"(max-width: 500px) 100vw, 500px\" \/><\/a><\/p>\n<p><a href=\"http:\/\/tsg-badenhausen.de\/cms\/wp-content\/uploads\/2013\/08\/BOP_7.jpg\"><img decoding=\"async\" loading=\"lazy\" class=\"size-full wp-image-251 aligncenter\" src=\"http:\/\/tsg-badenhausen.de\/cms\/wp-content\/uploads\/2013\/08\/BOP_7.jpg\" alt=\"Bodystyling Bild 7\" width=\"500\" height=\"334\" srcset=\"https:\/\/tsg-badenhausen.de\/cms\/wp-content\/uploads\/2013\/08\/BOP_7.jpg 500w, https:\/\/tsg-badenhausen.de\/cms\/wp-content\/uploads\/2013\/08\/BOP_7-300x200.jpg 300w\" sizes=\"(max-width: 500px) 100vw, 500px\" \/><\/a><\/p>\n","protected":false},"excerpt":{"rendered":"<p>Montag, 19.00 &#8211; 20.00 Uhr, kleine Turnhalle, \u00dcL: Andrea Reuper und Pamela Apel Jeden Montag treffen wir uns, um zu aktueller Chartmusik unseren ganzen K\u00f6rper mit Kraft-Ausdauer-\u00dcbungen zu kr\u00e4ftigen und zu formen. Wir w\u00e4hlen aus verschiedenen Hilfsmitteln wie Step, Hanteln, Dynab\u00e4ndern, Pezzi-B\u00e4llen. Es werden Beine, Arme, Bauch und R\u00fccken trainiert. Wir freuen uns immer \u00fcber [&hellip;]<\/p>\n","protected":false},"author":3,"featured_media":0,"parent":21,"menu_order":0,"comment_status":"closed","ping_status":"open","template":"","meta":{"_links_to":"","_links_to_target":""},"_links":{"self":[{"href":"https:\/\/tsg-badenhausen.de\/cms\/wp-json\/wp\/v2\/pages\/84"}],"collection":[{"href":"https:\/\/tsg-badenhausen.de\/cms\/wp-json\/wp\/v2\/pages"}],"about":[{"href":"https:\/\/tsg-badenhausen.de\/cms\/wp-json\/wp\/v2\/types\/page"}],"author":[{"embeddable":true,"href":"https:\/\/tsg-badenhausen.de\/cms\/wp-json\/wp\/v2\/users\/3"}],"replies":[{"embeddable":true,"href":"https:\/\/tsg-badenhausen.de\/cms\/wp-json\/wp\/v2\/comments?post=84"}],"version-history":[{"count":12,"href":"https:\/\/tsg-badenhausen.de\/cms\/wp-json\/wp\/v2\/pages\/84\/revisions"}],"predecessor-version":[{"id":4759,"href":"https:\/\/tsg-badenhausen.de\/cms\/wp-json\/wp\/v2\/pages\/84\/revisions\/4759"}],"up":[{"embeddable":true,"href":"https:\/\/tsg-badenhausen.de\/cms\/wp-json\/wp\/v2\/pages\/21"}],"wp:attachment":[{"href":"https:\/\/tsg-badenhausen.de\/cms\/wp-json\/wp\/v2\/media?parent=84"}],"curies":[{"name":"wp","href":"https:\/\/api.w.org\/{rel}","templated":true}]}}