{"id":46,"date":"2013-05-27T14:56:53","date_gmt":"2013-05-27T12:56:53","guid":{"rendered":"http:\/\/tsg-badenhausen.de\/?page_id=46"},"modified":"2014-11-24T10:07:59","modified_gmt":"2014-11-24T08:07:59","slug":"home","status":"publish","type":"page","link":"https:\/\/tsg-badenhausen.de\/cms\/","title":{"rendered":"Home"},"content":{"rendered":"<p>Willkommen bei der TSG Badenhausen.<\/p>\n<p>Wir wollen Ihnen und Euch mit unseren Seiten einen \u00dcberblick \u00fcber den Verein geben.<\/p>\n<p>Bei der TSG Badenhausen wird Breitensport gro\u00dfgeschrieben. Klicken Sie die einzelnen Sparten mit<br \/>\nihren \u00dcbungsangeboten an.<\/p>\n<p>Neben den immer wiederkehrenden \u00dcbungseinheiten bietet der Verein im Laufe eines Jahres diverse<br \/>\nVeranstaltungen an, die sparten\u00fcbergreifend genutzt werden k\u00f6nnen beziehungsweise, wo auch<br \/>\nNichtmitglieder gerne gesehen sind.<\/p>\n<p>Noch eine Bitte.<\/p>\n<p>Was Sie gut an unserem Auftritt finden erz\u00e4hlen Sie ruhig weiter, was Ihnen nicht gef\u00e4llt erz\u00e4hlen Sie uns bitte direkt.<br \/>\nWir werden jede Anregung und Kritik ernst nehmen. Nur so k\u00f6nnen wir stetig an uns arbeiten.<\/p>\n","protected":false},"excerpt":{"rendered":"<p>Willkommen bei der TSG Badenhausen. Wir wollen Ihnen und Euch mit unseren Seiten einen \u00dcberblick \u00fcber den Verein geben. Bei der TSG Badenhausen wird Breitensport gro\u00dfgeschrieben. Klicken Sie die einzelnen Sparten mit ihren \u00dcbungsangeboten an. Neben den immer wiederkehrenden \u00dcbungseinheiten bietet der Verein im Laufe eines Jahres diverse Veranstaltungen an, die sparten\u00fcbergreifend genutzt werden k\u00f6nnen [&hellip;]<\/p>\n","protected":false},"author":3,"featured_media":0,"parent":0,"menu_order":0,"comment_status":"closed","ping_status":"closed","template":"","meta":{"_links_to":"","_links_to_target":""},"_links":{"self":[{"href":"https:\/\/tsg-badenhausen.de\/cms\/wp-json\/wp\/v2\/pages\/46"}],"collection":[{"href":"https:\/\/tsg-badenhausen.de\/cms\/wp-json\/wp\/v2\/pages"}],"about":[{"href":"https:\/\/tsg-badenhausen.de\/cms\/wp-json\/wp\/v2\/types\/page"}],"author":[{"embeddable":true,"href":"https:\/\/tsg-badenhausen.de\/cms\/wp-json\/wp\/v2\/users\/3"}],"replies":[{"embeddable":true,"href":"https:\/\/tsg-badenhausen.de\/cms\/wp-json\/wp\/v2\/comments?post=46"}],"version-history":[{"count":5,"href":"https:\/\/tsg-badenhausen.de\/cms\/wp-json\/wp\/v2\/pages\/46\/revisions"}],"predecessor-version":[{"id":1960,"href":"https:\/\/tsg-badenhausen.de\/cms\/wp-json\/wp\/v2\/pages\/46\/revisions\/1960"}],"wp:attachment":[{"href":"https:\/\/tsg-badenhausen.de\/cms\/wp-json\/wp\/v2\/media?parent=46"}],"curies":[{"name":"wp","href":"https:\/\/api.w.org\/{rel}","templated":true}]}}