{"id":441,"date":"2013-12-20T15:36:34","date_gmt":"2013-12-20T13:36:34","guid":{"rendered":"http:\/\/tsg-badenhausen.de\/cms\/?page_id=441"},"modified":"2014-01-05T02:24:19","modified_gmt":"2014-01-05T00:24:19","slug":"handball","status":"publish","type":"page","link":"https:\/\/tsg-badenhausen.de\/cms\/vereinschronik\/handball.html","title":{"rendered":"Handball"},"content":{"rendered":"<p>Von Beginn an war es das Ziel der Vereinsgr\u00fcnder, wieder Handball zu spielen. Es dauerte dann aber doch noch zwei Jahre, bis 1959 zum ersten Mal eine Herren-Handballmannschaft, wenn auch vorerst noch au\u00dfer Konkurrenz, am Spielbetrieb teilnahm.<br \/>\nEs sollte noch einige Jahre dauern, bis hier die ersten Erfolgserlebnisse gemeldet werden konnten.<br \/>\n1962 rief der Vorstand der TSG das &#8222;Willi-Brandt-Ged\u00e4chtnisturnier&#8220; zu Ehren des Gr\u00fcndungsmitgliedes Willi Brandt ins Leben. Dieses Turnier war mehr als 20 Jahre fester Bestandteil im Veranstaltungskalender der TSG.<\/p>\n<p>Ab Mitte der 60er Jahre begann sich dann eine positive Entwicklung abzuzeichnen. 1968 kn\u00fcpften die Handballer Kontakte zum BSC Rehberge Berlin. Beim dortigen Turnier belegte die Mannschaft der TSG den ersten Platz.<br \/>\nIn den Jahren darauf reihte sich Erfolg an Erfolg. Insbesondere die Sch\u00fclermannschaft (C-Jugend) konnte 1970 mit der Kreismeisterschaft und im folgenden Jahr mit dem Gewinn des Kreispokals des Kreises Gandersheim und der Vizemeisterschaft im Kreis Osterode gl\u00e4nzen.<br \/>\nIm Seniorenbereich stellten die Herren 1972 den Vizemeister der Kleinfeldsaison und schafften den Aufstieg in die Kreisliga.<br \/>\nF\u00fcr den bis dahin gr\u00f6\u00dften Erfolg in der Vereinsgeschichte sorgte 1976 die m\u00e4nnliche A-Jugend, die souver\u00e4n den Kreismeistertitel errang. Dieser Titel sicherte das Recht an der Teilnahme zu den Aufstiegsspielen zur Bezirksklasse. Die Mannschaft setzte sich gegen die starke Konkurrenz aus den Kreisen Northeim und G\u00f6ttingen durch und spielte in der Saison 1976\/77 in der Bezirksklasse Braunschweig.<br \/>\nDurch diesen Erfolg ermutigt, rief der damalige Spartenleiter Friedhelm Mai 1976 eine weibliche A-Jugend ins Leben. 15 M\u00e4dchen nahmen den Spielbetrieb auf. Bereits 1978 gelang der Mannschaft nach nur zwei Jahren der Aufstieg in die Bezirksklasse.<br \/>\n1977 stieg eine Herrenmannschaft der TSG zum ersten Mal in die Bezirksklasse auf.<br \/>\nIn den folgenden Jahren spielten immer Mannschaften der TSG mit wechselnden Erfolgen in den Bezirksklassen. Dies war auch die Zeit, in der die Sparte Handball kontinuierlich wuchs und in den Jahren 1996\/97 ihren H\u00f6hepunkt mit 145 aktiven Handballern in 5 Senioren- und 9 Jugendmannschaften erreichte. In einer Zeit, in der gr\u00f6\u00dfere Vereine Spielgemeinschaften eingehen mussten, um den Spielbetrieb aufrechterhalten zu k\u00f6nnen! Seit Anfang des neuen Jahrtausends ist die Zahl der aktiven Handballer r\u00fcckl\u00e4ufig, da immer weniger Jugendliche den Weg in den Verein finden.<\/p>\n\n\t\t<style type=\"text\/css\">\n\t\t\t#gallery-1 {\n\t\t\t\tmargin: auto;\n\t\t\t}\n\t\t\t#gallery-1 .gallery-item {\n\t\t\t\tfloat: left;\n\t\t\t\tmargin-top: 10px;\n\t\t\t\ttext-align: center;\n\t\t\t\twidth: 33%;\n\t\t\t}\n\t\t\t#gallery-1 img {\n\t\t\t\tborder: 2px solid #cfcfcf;\n\t\t\t}\n\t\t\t#gallery-1 .gallery-caption {\n\t\t\t\tmargin-left: 0;\n\t\t\t}\n\t\t\t\/* see gallery_shortcode() in wp-includes\/media.php *\/\n\t\t<\/style>\n\t\t<div id='gallery-1' class='gallery galleryid-441 gallery-columns-3 gallery-size-thumbnail'><dl class='gallery-item'>\n\t\t\t<dt class='gallery-icon landscape'>\n\t\t\t\t<a href='https:\/\/tsg-badenhausen.de\/cms\/vereinschronik\/handball.html\/attachment\/01_die-erste-handballmannschaft-der-tsg-tif-b\/'><img width=\"133\" height=\"133\" src=\"https:\/\/tsg-badenhausen.de\/cms\/wp-content\/uploads\/2013\/12\/01_Die-erste-Handballmannschaft-der-TSG.tif-b-150x150.jpg\" class=\"attachment-thumbnail size-thumbnail\" alt=\"Handball erste Mannschaft\" decoding=\"async\" loading=\"lazy\" aria-describedby=\"gallery-1-447\" \/><\/a>\n\t\t\t<\/dt>\n\t\t\t\t<dd class='wp-caption-text gallery-caption' id='gallery-1-447'>\n\t\t\t\tHandball erste Mannschaft\n\t\t\t\t<\/dd><\/dl><dl class='gallery-item'>\n\t\t\t<dt class='gallery-icon landscape'>\n\t\t\t\t<a href='https:\/\/tsg-badenhausen.de\/cms\/vereinschronik\/handball.html\/attachment\/02_besuch-sc-rehberge-19681\/'><img width=\"133\" height=\"133\" src=\"https:\/\/tsg-badenhausen.de\/cms\/wp-content\/uploads\/2013\/12\/02_Besuch-SC-Rehberge-19681-150x150.jpg\" class=\"attachment-thumbnail size-thumbnail\" alt=\"Handball Besuch beim SC-Rehberge 1968\" decoding=\"async\" loading=\"lazy\" aria-describedby=\"gallery-1-448\" \/><\/a>\n\t\t\t<\/dt>\n\t\t\t\t<dd class='wp-caption-text gallery-caption' id='gallery-1-448'>\n\t\t\t\tHandball Besuch beim SC-Rehberge 1968\n\t\t\t\t<\/dd><\/dl><dl class='gallery-item'>\n\t\t\t<dt class='gallery-icon landscape'>\n\t\t\t\t<a href='https:\/\/tsg-badenhausen.de\/cms\/vereinschronik\/handball.html\/attachment\/03_grossfeld\/'><img width=\"133\" height=\"133\" src=\"https:\/\/tsg-badenhausen.de\/cms\/wp-content\/uploads\/2013\/12\/03_Grossfeld-150x150.jpg\" class=\"attachment-thumbnail size-thumbnail\" alt=\"Gandball Gro\u00dffelturnier\" decoding=\"async\" loading=\"lazy\" aria-describedby=\"gallery-1-449\" \/><\/a>\n\t\t\t<\/dt>\n\t\t\t\t<dd class='wp-caption-text gallery-caption' id='gallery-1-449'>\n\t\t\t\tGandball Gro\u00dffelturnier\n\t\t\t\t<\/dd><\/dl><br style=\"clear: both\" \/><dl class='gallery-item'>\n\t\t\t<dt class='gallery-icon landscape'>\n\t\t\t\t<a href='https:\/\/tsg-badenhausen.de\/cms\/vereinschronik\/handball.html\/attachment\/04_erste-c-jugend-tif-b\/'><img width=\"133\" height=\"133\" src=\"https:\/\/tsg-badenhausen.de\/cms\/wp-content\/uploads\/2013\/12\/04_Erste-C-Jugend.tif-b-150x150.jpg\" class=\"attachment-thumbnail size-thumbnail\" alt=\"Handball m\u00e4nnliche C-Jugend um 1977\" decoding=\"async\" loading=\"lazy\" aria-describedby=\"gallery-1-450\" \/><\/a>\n\t\t\t<\/dt>\n\t\t\t\t<dd class='wp-caption-text gallery-caption' id='gallery-1-450'>\n\t\t\t\tHandball m\u00e4nnliche C-Jugend um 1977\n\t\t\t\t<\/dd><\/dl><dl class='gallery-item'>\n\t\t\t<dt class='gallery-icon landscape'>\n\t\t\t\t<a href='https:\/\/tsg-badenhausen.de\/cms\/vereinschronik\/handball.html\/attachment\/05_maennl-c-jugend-in-delmenhorst\/'><img width=\"133\" height=\"133\" src=\"https:\/\/tsg-badenhausen.de\/cms\/wp-content\/uploads\/2013\/12\/05_M\u00e4nnl-C-Jugend-in-Delmenhorst-150x150.jpg\" class=\"attachment-thumbnail size-thumbnail\" alt=\"Handball m\u00e4nnliche C-Jugend in Delmenhorst\" decoding=\"async\" loading=\"lazy\" aria-describedby=\"gallery-1-451\" \/><\/a>\n\t\t\t<\/dt>\n\t\t\t\t<dd class='wp-caption-text gallery-caption' id='gallery-1-451'>\n\t\t\t\tHandball m\u00e4nnliche C-Jugend in Delmenhorst\n\t\t\t\t<\/dd><\/dl><dl class='gallery-item'>\n\t\t\t<dt class='gallery-icon landscape'>\n\t\t\t\t<a href='https:\/\/tsg-badenhausen.de\/cms\/vereinschronik\/handball.html\/attachment\/06_1-herren-und-ehemalige\/'><img width=\"133\" height=\"133\" src=\"https:\/\/tsg-badenhausen.de\/cms\/wp-content\/uploads\/2013\/12\/06_1-Herren-und-ehemalige-150x150.jpg\" class=\"attachment-thumbnail size-thumbnail\" alt=\"Handball Herren und Ehemalige\" decoding=\"async\" loading=\"lazy\" aria-describedby=\"gallery-1-452\" \/><\/a>\n\t\t\t<\/dt>\n\t\t\t\t<dd class='wp-caption-text gallery-caption' id='gallery-1-452'>\n\t\t\t\tHandball Herren und Ehemalige\n\t\t\t\t<\/dd><\/dl><br style=\"clear: both\" \/><dl class='gallery-item'>\n\t\t\t<dt class='gallery-icon landscape'>\n\t\t\t\t<a href='https:\/\/tsg-badenhausen.de\/cms\/vereinschronik\/handball.html\/attachment\/07_ralph1\/'><img width=\"133\" height=\"133\" src=\"https:\/\/tsg-badenhausen.de\/cms\/wp-content\/uploads\/2013\/12\/07_Ralph1-150x150.jpg\" class=\"attachment-thumbnail size-thumbnail\" alt=\"Handball D-Jugend 70er Jahre\" decoding=\"async\" loading=\"lazy\" aria-describedby=\"gallery-1-453\" \/><\/a>\n\t\t\t<\/dt>\n\t\t\t\t<dd class='wp-caption-text gallery-caption' id='gallery-1-453'>\n\t\t\t\tHandball D-Jugend 70er Jahre\n\t\t\t\t<\/dd><\/dl><dl class='gallery-item'>\n\t\t\t<dt class='gallery-icon landscape'>\n\t\t\t\t<a href='https:\/\/tsg-badenhausen.de\/cms\/vereinschronik\/handball.html\/attachment\/08_schueler-1976-77\/'><img width=\"133\" height=\"133\" src=\"https:\/\/tsg-badenhausen.de\/cms\/wp-content\/uploads\/2013\/12\/08_Sch\u00fcler-1976-77-150x150.jpg\" class=\"attachment-thumbnail size-thumbnail\" alt=\"Handball Sch\u00fcler 1976-77\" decoding=\"async\" loading=\"lazy\" aria-describedby=\"gallery-1-454\" \/><\/a>\n\t\t\t<\/dt>\n\t\t\t\t<dd class='wp-caption-text gallery-caption' id='gallery-1-454'>\n\t\t\t\tHandball Sch\u00fcler 1976-77\n\t\t\t\t<\/dd><\/dl><dl class='gallery-item'>\n\t\t\t<dt class='gallery-icon landscape'>\n\t\t\t\t<a href='https:\/\/tsg-badenhausen.de\/cms\/vereinschronik\/handball.html\/attachment\/09_m-a-jgd-19761\/'><img width=\"133\" height=\"133\" src=\"https:\/\/tsg-badenhausen.de\/cms\/wp-content\/uploads\/2013\/12\/09_M-A-Jgd-19761-150x150.jpg\" class=\"attachment-thumbnail size-thumbnail\" alt=\"Handball m\u00e4nnliche A-Jugend 1976\" decoding=\"async\" loading=\"lazy\" aria-describedby=\"gallery-1-455\" \/><\/a>\n\t\t\t<\/dt>\n\t\t\t\t<dd class='wp-caption-text gallery-caption' id='gallery-1-455'>\n\t\t\t\tHandball m\u00e4nnliche A-Jugend 1976\n\t\t\t\t<\/dd><\/dl><br style=\"clear: both\" \/><dl class='gallery-item'>\n\t\t\t<dt class='gallery-icon landscape'>\n\t\t\t\t<a href='https:\/\/tsg-badenhausen.de\/cms\/vereinschronik\/handball.html\/attachment\/10_1-herren-pokalsieger-1980\/'><img width=\"133\" height=\"133\" src=\"https:\/\/tsg-badenhausen.de\/cms\/wp-content\/uploads\/2013\/12\/10_1-Herren-Pokalsieger-1980-150x150.jpg\" class=\"attachment-thumbnail size-thumbnail\" alt=\"Handball Herren Pokalsieger 1980\" decoding=\"async\" loading=\"lazy\" aria-describedby=\"gallery-1-456\" \/><\/a>\n\t\t\t<\/dt>\n\t\t\t\t<dd class='wp-caption-text gallery-caption' id='gallery-1-456'>\n\t\t\t\tHandball Herren Pokalsieger 1980\n\t\t\t\t<\/dd><\/dl><dl class='gallery-item'>\n\t\t\t<dt class='gallery-icon landscape'>\n\t\t\t\t<a href='https:\/\/tsg-badenhausen.de\/cms\/vereinschronik\/handball.html\/attachment\/11_m-a-jgd-19762\/'><img width=\"133\" height=\"133\" src=\"https:\/\/tsg-badenhausen.de\/cms\/wp-content\/uploads\/2013\/12\/11_M-A-Jgd-19762-150x150.jpg\" class=\"attachment-thumbnail size-thumbnail\" alt=\"Handball m\u00e4nnliche A-Jugend 1976\" decoding=\"async\" loading=\"lazy\" aria-describedby=\"gallery-1-457\" \/><\/a>\n\t\t\t<\/dt>\n\t\t\t\t<dd class='wp-caption-text gallery-caption' id='gallery-1-457'>\n\t\t\t\tHandball m\u00e4nnliche A-Jugend 1976\n\t\t\t\t<\/dd><\/dl><dl class='gallery-item'>\n\t\t\t<dt class='gallery-icon landscape'>\n\t\t\t\t<a href='https:\/\/tsg-badenhausen.de\/cms\/vereinschronik\/handball.html\/attachment\/12_die-weibl-a-jugend-in-aktion-80er-jahre\/'><img width=\"133\" height=\"133\" src=\"https:\/\/tsg-badenhausen.de\/cms\/wp-content\/uploads\/2013\/12\/12_Die-weibl-A-Jugend-in-Aktion-80er-Jahre-150x150.jpg\" class=\"attachment-thumbnail size-thumbnail\" alt=\"Handball weibliche A-Jugend 80er Jahre\" decoding=\"async\" loading=\"lazy\" aria-describedby=\"gallery-1-458\" \/><\/a>\n\t\t\t<\/dt>\n\t\t\t\t<dd class='wp-caption-text gallery-caption' id='gallery-1-458'>\n\t\t\t\tHandball weibliche A-Jugend 80er Jahre\n\t\t\t\t<\/dd><\/dl><br style=\"clear: both\" \/><dl class='gallery-item'>\n\t\t\t<dt class='gallery-icon landscape'>\n\t\t\t\t<a href='https:\/\/tsg-badenhausen.de\/cms\/vereinschronik\/handball.html\/attachment\/13_damen-80er\/'><img width=\"133\" height=\"133\" src=\"https:\/\/tsg-badenhausen.de\/cms\/wp-content\/uploads\/2013\/12\/13_Damen-80er-150x150.jpg\" class=\"attachment-thumbnail size-thumbnail\" alt=\"Handball Damen 1980\" decoding=\"async\" loading=\"lazy\" aria-describedby=\"gallery-1-459\" \/><\/a>\n\t\t\t<\/dt>\n\t\t\t\t<dd class='wp-caption-text gallery-caption' id='gallery-1-459'>\n\t\t\t\tHandball Damen 1980\n\t\t\t\t<\/dd><\/dl><dl class='gallery-item'>\n\t\t\t<dt class='gallery-icon landscape'>\n\t\t\t\t<a href='https:\/\/tsg-badenhausen.de\/cms\/vereinschronik\/handball.html\/attachment\/14_alte-herren-1982\/'><img width=\"133\" height=\"133\" src=\"https:\/\/tsg-badenhausen.de\/cms\/wp-content\/uploads\/2013\/12\/14_Alte-Herren-1982-150x150.jpg\" class=\"attachment-thumbnail size-thumbnail\" alt=\"Handball alte Herren 1982\" decoding=\"async\" loading=\"lazy\" aria-describedby=\"gallery-1-460\" \/><\/a>\n\t\t\t<\/dt>\n\t\t\t\t<dd class='wp-caption-text gallery-caption' id='gallery-1-460'>\n\t\t\t\tHandball alte Herren 1982\n\t\t\t\t<\/dd><\/dl><dl class='gallery-item'>\n\t\t\t<dt class='gallery-icon landscape'>\n\t\t\t\t<a href='https:\/\/tsg-badenhausen.de\/cms\/vereinschronik\/handball.html\/attachment\/15_herren-2_paris-1988-1\/'><img width=\"133\" height=\"133\" src=\"https:\/\/tsg-badenhausen.de\/cms\/wp-content\/uploads\/2013\/12\/15_Herren-2_Paris-1988-1-150x150.jpg\" class=\"attachment-thumbnail size-thumbnail\" alt=\"Handball Herren 1988 in Paris 1\" decoding=\"async\" loading=\"lazy\" aria-describedby=\"gallery-1-461\" \/><\/a>\n\t\t\t<\/dt>\n\t\t\t\t<dd class='wp-caption-text gallery-caption' id='gallery-1-461'>\n\t\t\t\tHandball Herren 1988 in Paris 1\n\t\t\t\t<\/dd><\/dl><br style=\"clear: both\" \/><dl class='gallery-item'>\n\t\t\t<dt class='gallery-icon landscape'>\n\t\t\t\t<a href='https:\/\/tsg-badenhausen.de\/cms\/vereinschronik\/handball.html\/attachment\/16_herren-2_paris-1988-2\/'><img width=\"133\" height=\"133\" src=\"https:\/\/tsg-badenhausen.de\/cms\/wp-content\/uploads\/2013\/12\/16_Herren-2_Paris-1988-2-150x150.jpg\" class=\"attachment-thumbnail size-thumbnail\" alt=\"Handball Herren 1988 in Paris 2\" decoding=\"async\" loading=\"lazy\" aria-describedby=\"gallery-1-462\" \/><\/a>\n\t\t\t<\/dt>\n\t\t\t\t<dd class='wp-caption-text gallery-caption' id='gallery-1-462'>\n\t\t\t\tHandball Herren 1988 in Paris 2\n\t\t\t\t<\/dd><\/dl><dl class='gallery-item'>\n\t\t\t<dt class='gallery-icon landscape'>\n\t\t\t\t<a href='https:\/\/tsg-badenhausen.de\/cms\/vereinschronik\/handball.html\/attachment\/17_herren-2_paris-1988-4\/'><img width=\"133\" height=\"133\" src=\"https:\/\/tsg-badenhausen.de\/cms\/wp-content\/uploads\/2013\/12\/17_Herren-2_Paris-1988-4-150x150.jpg\" class=\"attachment-thumbnail size-thumbnail\" alt=\"Handball Herren 1988 in Paris 3\" decoding=\"async\" loading=\"lazy\" aria-describedby=\"gallery-1-463\" \/><\/a>\n\t\t\t<\/dt>\n\t\t\t\t<dd class='wp-caption-text gallery-caption' id='gallery-1-463'>\n\t\t\t\tHandball Herren 1988 in Paris 3\n\t\t\t\t<\/dd><\/dl><dl class='gallery-item'>\n\t\t\t<dt class='gallery-icon landscape'>\n\t\t\t\t<a href='https:\/\/tsg-badenhausen.de\/cms\/vereinschronik\/handball.html\/attachment\/18_erste-herren-1987\/'><img width=\"133\" height=\"133\" src=\"https:\/\/tsg-badenhausen.de\/cms\/wp-content\/uploads\/2013\/12\/18_Erste-Herren-1987-150x150.jpg\" class=\"attachment-thumbnail size-thumbnail\" alt=\"Handball erste Herren 1987\" decoding=\"async\" loading=\"lazy\" aria-describedby=\"gallery-1-464\" \/><\/a>\n\t\t\t<\/dt>\n\t\t\t\t<dd class='wp-caption-text gallery-caption' id='gallery-1-464'>\n\t\t\t\tHandball erste Herren 1987\n\t\t\t\t<\/dd><\/dl><br style=\"clear: both\" \/><dl class='gallery-item'>\n\t\t\t<dt class='gallery-icon landscape'>\n\t\t\t\t<a href='https:\/\/tsg-badenhausen.de\/cms\/vereinschronik\/handball.html\/attachment\/19_die-damen-1995\/'><img width=\"133\" height=\"133\" src=\"https:\/\/tsg-badenhausen.de\/cms\/wp-content\/uploads\/2013\/12\/19_Die-Damen-1995-150x150.jpg\" class=\"attachment-thumbnail size-thumbnail\" alt=\"Handball Damen 1995\" decoding=\"async\" loading=\"lazy\" aria-describedby=\"gallery-1-465\" \/><\/a>\n\t\t\t<\/dt>\n\t\t\t\t<dd class='wp-caption-text gallery-caption' id='gallery-1-465'>\n\t\t\t\tHandball Damen 1995\n\t\t\t\t<\/dd><\/dl><dl class='gallery-item'>\n\t\t\t<dt class='gallery-icon landscape'>\n\t\t\t\t<a href='https:\/\/tsg-badenhausen.de\/cms\/vereinschronik\/handball.html\/attachment\/20_weibl-d-1999\/'><img width=\"133\" height=\"133\" src=\"https:\/\/tsg-badenhausen.de\/cms\/wp-content\/uploads\/2013\/12\/20_weibl-d-1999-150x150.jpg\" class=\"attachment-thumbnail size-thumbnail\" alt=\"Handball weibliche DJugend 1999\" decoding=\"async\" loading=\"lazy\" aria-describedby=\"gallery-1-466\" \/><\/a>\n\t\t\t<\/dt>\n\t\t\t\t<dd class='wp-caption-text gallery-caption' id='gallery-1-466'>\n\t\t\t\tHandball weibliche DJugend 1999\n\t\t\t\t<\/dd><\/dl><dl class='gallery-item'>\n\t\t\t<dt class='gallery-icon landscape'>\n\t\t\t\t<a href='https:\/\/tsg-badenhausen.de\/cms\/vereinschronik\/handball.html\/attachment\/21_alte_herren-1999\/'><img width=\"133\" height=\"133\" src=\"https:\/\/tsg-badenhausen.de\/cms\/wp-content\/uploads\/2013\/12\/21_alte_herren-1999-150x150.jpg\" class=\"attachment-thumbnail size-thumbnail\" alt=\"Handball alte Herren 1999\" decoding=\"async\" loading=\"lazy\" aria-describedby=\"gallery-1-467\" \/><\/a>\n\t\t\t<\/dt>\n\t\t\t\t<dd class='wp-caption-text gallery-caption' id='gallery-1-467'>\n\t\t\t\tHandball alte Herren 1999\n\t\t\t\t<\/dd><\/dl><br style=\"clear: both\" \/><dl class='gallery-item'>\n\t\t\t<dt class='gallery-icon landscape'>\n\t\t\t\t<a href='https:\/\/tsg-badenhausen.de\/cms\/vereinschronik\/handball.html\/attachment\/22_jugend_rosas_1999\/'><img width=\"133\" height=\"133\" src=\"https:\/\/tsg-badenhausen.de\/cms\/wp-content\/uploads\/2013\/12\/22_Jugend_Rosas_1999-150x150.jpg\" class=\"attachment-thumbnail size-thumbnail\" alt=\"Handball Jugend 1999 in Rosas\" decoding=\"async\" loading=\"lazy\" aria-describedby=\"gallery-1-468\" \/><\/a>\n\t\t\t<\/dt>\n\t\t\t\t<dd class='wp-caption-text gallery-caption' id='gallery-1-468'>\n\t\t\t\tHandball Jugend 1999 in Rosas\n\t\t\t\t<\/dd><\/dl><dl class='gallery-item'>\n\t\t\t<dt class='gallery-icon landscape'>\n\t\t\t\t<a href='https:\/\/tsg-badenhausen.de\/cms\/vereinschronik\/handball.html\/attachment\/23_damen_2005\/'><img width=\"133\" height=\"133\" src=\"https:\/\/tsg-badenhausen.de\/cms\/wp-content\/uploads\/2013\/12\/23_damen_2005-150x150.jpg\" class=\"attachment-thumbnail size-thumbnail\" alt=\"Handball Damen 2005\" decoding=\"async\" loading=\"lazy\" aria-describedby=\"gallery-1-469\" \/><\/a>\n\t\t\t<\/dt>\n\t\t\t\t<dd class='wp-caption-text gallery-caption' id='gallery-1-469'>\n\t\t\t\tHandball Damen 2005\n\t\t\t\t<\/dd><\/dl><dl class='gallery-item'>\n\t\t\t<dt class='gallery-icon landscape'>\n\t\t\t\t<a href='https:\/\/tsg-badenhausen.de\/cms\/vereinschronik\/handball.html\/attachment\/23_gruppe-minis-2013\/'><img width=\"133\" height=\"133\" src=\"https:\/\/tsg-badenhausen.de\/cms\/wp-content\/uploads\/2013\/12\/23_Gruppe-Minis-2013-150x150.jpg\" class=\"attachment-thumbnail size-thumbnail\" alt=\"Handball Kinder 2013\" decoding=\"async\" loading=\"lazy\" aria-describedby=\"gallery-1-470\" \/><\/a>\n\t\t\t<\/dt>\n\t\t\t\t<dd class='wp-caption-text gallery-caption' id='gallery-1-470'>\n\t\t\t\tHandball Kinder 2013\n\t\t\t\t<\/dd><\/dl><br style=\"clear: both\" \/><dl class='gallery-item'>\n\t\t\t<dt class='gallery-icon landscape'>\n\t\t\t\t<a href='https:\/\/tsg-badenhausen.de\/cms\/vereinschronik\/handball.html\/attachment\/24_maennl\/'><img width=\"133\" height=\"133\" src=\"https:\/\/tsg-badenhausen.de\/cms\/wp-content\/uploads\/2013\/12\/24_maennl-150x150.jpg\" class=\"attachment-thumbnail size-thumbnail\" alt=\"Handball m\u00e4nnliche E-Jugend 2005\" decoding=\"async\" loading=\"lazy\" aria-describedby=\"gallery-1-471\" \/><\/a>\n\t\t\t<\/dt>\n\t\t\t\t<dd class='wp-caption-text gallery-caption' id='gallery-1-471'>\n\t\t\t\tHandball m\u00e4nnliche E-Jugend 2005\n\t\t\t\t<\/dd><\/dl><dl class='gallery-item'>\n\t\t\t<dt class='gallery-icon landscape'>\n\t\t\t\t<a href='https:\/\/tsg-badenhausen.de\/cms\/vereinschronik\/handball.html\/attachment\/25_handball-2006\/'><img width=\"133\" height=\"133\" src=\"https:\/\/tsg-badenhausen.de\/cms\/wp-content\/uploads\/2013\/12\/25_handball-2006-150x150.jpg\" class=\"attachment-thumbnail size-thumbnail\" alt=\"Handball weibliche C-Jugend 2006\" decoding=\"async\" loading=\"lazy\" aria-describedby=\"gallery-1-472\" \/><\/a>\n\t\t\t<\/dt>\n\t\t\t\t<dd class='wp-caption-text gallery-caption' id='gallery-1-472'>\n\t\t\t\tHandball weibliche C-Jugend 2006\n\t\t\t\t<\/dd><\/dl><dl class='gallery-item'>\n\t\t\t<dt class='gallery-icon landscape'>\n\t\t\t\t<a href='https:\/\/tsg-badenhausen.de\/cms\/vereinschronik\/handball.html\/attachment\/26_weibl-jgd-a-2006\/'><img width=\"133\" height=\"133\" src=\"https:\/\/tsg-badenhausen.de\/cms\/wp-content\/uploads\/2013\/12\/26_weibl-jgd-A-2006-150x150.jpg\" class=\"attachment-thumbnail size-thumbnail\" alt=\"Handball weibliche A-Jugend 2006\" decoding=\"async\" loading=\"lazy\" aria-describedby=\"gallery-1-473\" \/><\/a>\n\t\t\t<\/dt>\n\t\t\t\t<dd class='wp-caption-text gallery-caption' id='gallery-1-473'>\n\t\t\t\tHandball weibliche A-Jugend 2006\n\t\t\t\t<\/dd><\/dl><br style=\"clear: both\" \/><dl class='gallery-item'>\n\t\t\t<dt class='gallery-icon landscape'>\n\t\t\t\t<a href='https:\/\/tsg-badenhausen.de\/cms\/vereinschronik\/handball.html\/attachment\/27_mini-handballer-2007\/'><img width=\"133\" height=\"133\" src=\"https:\/\/tsg-badenhausen.de\/cms\/wp-content\/uploads\/2013\/12\/27_Mini-Handballer-2007-150x150.jpg\" class=\"attachment-thumbnail size-thumbnail\" alt=\"Handball Kinder 2007\" decoding=\"async\" loading=\"lazy\" aria-describedby=\"gallery-1-474\" \/><\/a>\n\t\t\t<\/dt>\n\t\t\t\t<dd class='wp-caption-text gallery-caption' id='gallery-1-474'>\n\t\t\t\tHandball Kinder 2007\n\t\t\t\t<\/dd><\/dl><dl class='gallery-item'>\n\t\t\t<dt class='gallery-icon landscape'>\n\t\t\t\t<a href='https:\/\/tsg-badenhausen.de\/cms\/vereinschronik\/handball.html\/attachment\/28_handball-minis-2011\/'><img width=\"133\" height=\"133\" src=\"https:\/\/tsg-badenhausen.de\/cms\/wp-content\/uploads\/2013\/12\/28_Handball-Minis-2011-150x150.jpg\" class=\"attachment-thumbnail size-thumbnail\" alt=\"Handball Kinder 2011\" decoding=\"async\" loading=\"lazy\" aria-describedby=\"gallery-1-475\" \/><\/a>\n\t\t\t<\/dt>\n\t\t\t\t<dd class='wp-caption-text gallery-caption' id='gallery-1-475'>\n\t\t\t\tHandball Kinder 2011\n\t\t\t\t<\/dd><\/dl><dl class='gallery-item'>\n\t\t\t<dt class='gallery-icon landscape'>\n\t\t\t\t<a href='https:\/\/tsg-badenhausen.de\/cms\/vereinschronik\/handball.html\/attachment\/29_2013\/'><img width=\"133\" height=\"133\" src=\"https:\/\/tsg-badenhausen.de\/cms\/wp-content\/uploads\/2013\/12\/29_2013-150x150.jpg\" class=\"attachment-thumbnail size-thumbnail\" alt=\"Handball Herren 2013\" decoding=\"async\" loading=\"lazy\" aria-describedby=\"gallery-1-476\" \/><\/a>\n\t\t\t<\/dt>\n\t\t\t\t<dd class='wp-caption-text gallery-caption' id='gallery-1-476'>\n\t\t\t\tHandball Jugend 2013\n\t\t\t\t<\/dd><\/dl><br style=\"clear: both\" \/><dl class='gallery-item'>\n\t\t\t<dt class='gallery-icon landscape'>\n\t\t\t\t<a href='https:\/\/tsg-badenhausen.de\/cms\/vereinschronik\/handball.html\/attachment\/30_handball-herren-2013\/'><img width=\"133\" height=\"133\" src=\"https:\/\/tsg-badenhausen.de\/cms\/wp-content\/uploads\/2013\/12\/30_Handball-Herren-2013-150x150.jpg\" class=\"attachment-thumbnail size-thumbnail\" alt=\"Handball Herren 2013\" decoding=\"async\" loading=\"lazy\" aria-describedby=\"gallery-1-477\" \/><\/a>\n\t\t\t<\/dt>\n\t\t\t\t<dd class='wp-caption-text gallery-caption' id='gallery-1-477'>\n\t\t\t\tHandball Herren 2013\n\t\t\t\t<\/dd><\/dl>\n\t\t\t<br style='clear: both' \/>\n\t\t<\/div>\n\n<p>&nbsp;<\/p>\n","protected":false},"excerpt":{"rendered":"<p>Von Beginn an war es das Ziel der Vereinsgr\u00fcnder, wieder Handball zu spielen. Es dauerte dann aber doch noch zwei Jahre, bis 1959 zum ersten Mal eine Herren-Handballmannschaft, wenn auch vorerst noch au\u00dfer Konkurrenz, am Spielbetrieb teilnahm. Es sollte noch einige Jahre dauern, bis hier die ersten Erfolgserlebnisse gemeldet werden konnten. 1962 rief der Vorstand [&hellip;]<\/p>\n","protected":false},"author":3,"featured_media":0,"parent":76,"menu_order":0,"comment_status":"closed","ping_status":"open","template":"","meta":{"_links_to":"","_links_to_target":""},"_links":{"self":[{"href":"https:\/\/tsg-badenhausen.de\/cms\/wp-json\/wp\/v2\/pages\/441"}],"collection":[{"href":"https:\/\/tsg-badenhausen.de\/cms\/wp-json\/wp\/v2\/pages"}],"about":[{"href":"https:\/\/tsg-badenhausen.de\/cms\/wp-json\/wp\/v2\/types\/page"}],"author":[{"embeddable":true,"href":"https:\/\/tsg-badenhausen.de\/cms\/wp-json\/wp\/v2\/users\/3"}],"replies":[{"embeddable":true,"href":"https:\/\/tsg-badenhausen.de\/cms\/wp-json\/wp\/v2\/comments?post=441"}],"version-history":[{"count":7,"href":"https:\/\/tsg-badenhausen.de\/cms\/wp-json\/wp\/v2\/pages\/441\/revisions"}],"predecessor-version":[{"id":1340,"href":"https:\/\/tsg-badenhausen.de\/cms\/wp-json\/wp\/v2\/pages\/441\/revisions\/1340"}],"up":[{"embeddable":true,"href":"https:\/\/tsg-badenhausen.de\/cms\/wp-json\/wp\/v2\/pages\/76"}],"wp:attachment":[{"href":"https:\/\/tsg-badenhausen.de\/cms\/wp-json\/wp\/v2\/media?parent=441"}],"curies":[{"name":"wp","href":"https:\/\/api.w.org\/{rel}","templated":true}]}}