{"id":439,"date":"2013-12-20T15:36:02","date_gmt":"2013-12-20T13:36:02","guid":{"rendered":"http:\/\/tsg-badenhausen.de\/cms\/?page_id=439"},"modified":"2014-01-05T02:22:46","modified_gmt":"2014-01-05T00:22:46","slug":"gymnastikgruppe","status":"publish","type":"page","link":"https:\/\/tsg-badenhausen.de\/cms\/vereinschronik\/gymnastikgruppe.html","title":{"rendered":"Gymnastikgruppe"},"content":{"rendered":"<p>Seit dem 1. M\u00e4rz 1964 treffen sich die Mitglieder der Damengymnastik am Montagabend in der kleinen Sporthalle am Johannisborn. Als erste \u00dcbungsleiterin leitete Frau Limburg aus Gittelde die \u00dcbungsstunde. Von ihr \u00fcbernahmen zuerst Frau Kramer, Frau Pauls dann Frau Pisewotzki die Gymnastikstunde.<\/p>\n<p>In den 80er Jahren, unter Leitung von Sigrid Lata, erfreute sich die Frauengymnastik sehr gro\u00dfer Beliebtheit, die Mitgliederzahl durchbrach die 100er-Grenze.<\/p>\n<p>1984 konnte Gudula Haase als weitere \u00dcbungsleiterin gewonnen werden. Sie bot mittwochs eine zweite \u00dcbungsstunde an und der \u00dcbungsbetrieb konnte lange Zeit auf zwei Gruppen verteilt werden. Als die Mitgliederzahlen wieder zur\u00fcckgingen, h\u00f6rte Sigrid Lata als \u00dcbungsleiterin auf und Gudula Haase wechselte auf den Montagabend.<\/p>\n<p>Als Schwangerschaftsvertretung \u00fcbernahm Karin Conrad Ende 1985 die \u00dcbungsstunde. Da den Gymnastikdamen die unterschiedlichen Stiele sehr gut gefielen, \u00fcbernahmen nach ihrer R\u00fcchkehr Gudula Haase und Karin Conrad im Wechsel die Stunde.<\/p>\n<p>Schlechtes Timing: im Sommer 1990 mussten beide \u00dcbungsleiterinnen gleichzeitig in die Babypause. Nach langen \u00dcberlegungen wurde Frau Limburg gefragt, die die Stunde gern f\u00fcr ein paar Wochen \u00fcbernahm. Einige der Gymnastikdamen f\u00fchlten sich, wie in alte Zeiten zur\u00fcckversetzt.<\/p>\n<p>Seit 1997 leitet Gudula Haase die Gymnastiksparte allein, als \u00dcbungs- und Spartenleiterin.<\/p>\n\n\t\t<style type=\"text\/css\">\n\t\t\t#gallery-1 {\n\t\t\t\tmargin: auto;\n\t\t\t}\n\t\t\t#gallery-1 .gallery-item {\n\t\t\t\tfloat: left;\n\t\t\t\tmargin-top: 10px;\n\t\t\t\ttext-align: center;\n\t\t\t\twidth: 33%;\n\t\t\t}\n\t\t\t#gallery-1 img {\n\t\t\t\tborder: 2px solid #cfcfcf;\n\t\t\t}\n\t\t\t#gallery-1 .gallery-caption {\n\t\t\t\tmargin-left: 0;\n\t\t\t}\n\t\t\t\/* see gallery_shortcode() in wp-includes\/media.php *\/\n\t\t<\/style>\n\t\t<div id='gallery-1' class='gallery galleryid-439 gallery-columns-3 gallery-size-thumbnail'><dl class='gallery-item'>\n\t\t\t<dt class='gallery-icon landscape'>\n\t\t\t\t<a href='https:\/\/tsg-badenhausen.de\/cms\/vereinschronik\/gymnastikgruppe.html\/attachment\/01_schuetzenfest-1964-01\/'><img width=\"133\" height=\"133\" src=\"https:\/\/tsg-badenhausen.de\/cms\/wp-content\/uploads\/2013\/12\/01_Schuetzenfest-1964-01-150x150.jpg\" class=\"attachment-thumbnail size-thumbnail\" alt=\"Sch\u00fctzenfest 1964\" decoding=\"async\" loading=\"lazy\" aria-describedby=\"gallery-1-483\" \/><\/a>\n\t\t\t<\/dt>\n\t\t\t\t<dd class='wp-caption-text gallery-caption' id='gallery-1-483'>\n\t\t\t\tSch\u00fctzenfest 1964\n\t\t\t\t<\/dd><\/dl><dl class='gallery-item'>\n\t\t\t<dt class='gallery-icon landscape'>\n\t\t\t\t<a href='https:\/\/tsg-badenhausen.de\/cms\/vereinschronik\/gymnastikgruppe.html\/attachment\/02_schuetzenfest-1964-02\/'><img width=\"133\" height=\"133\" src=\"https:\/\/tsg-badenhausen.de\/cms\/wp-content\/uploads\/2013\/12\/02_Schuetzenfest-1964-02-150x150.jpg\" class=\"attachment-thumbnail size-thumbnail\" alt=\"Sch\u00fctzenfest 1964\" decoding=\"async\" loading=\"lazy\" aria-describedby=\"gallery-1-484\" \/><\/a>\n\t\t\t<\/dt>\n\t\t\t\t<dd class='wp-caption-text gallery-caption' id='gallery-1-484'>\n\t\t\t\tSch\u00fctzenfest 1964\n\t\t\t\t<\/dd><\/dl><dl class='gallery-item'>\n\t\t\t<dt class='gallery-icon landscape'>\n\t\t\t\t<a href='https:\/\/tsg-badenhausen.de\/cms\/vereinschronik\/gymnastikgruppe.html\/attachment\/03_1000-jahrfeier-1968\/'><img width=\"133\" height=\"133\" src=\"https:\/\/tsg-badenhausen.de\/cms\/wp-content\/uploads\/2013\/12\/03_1000-Jahrfeier-1968-150x150.jpg\" class=\"attachment-thumbnail size-thumbnail\" alt=\"1000 Jahrfeier im Jahr 1968\" decoding=\"async\" loading=\"lazy\" aria-describedby=\"gallery-1-485\" \/><\/a>\n\t\t\t<\/dt>\n\t\t\t\t<dd class='wp-caption-text gallery-caption' id='gallery-1-485'>\n\t\t\t\t1000 Jahrfeier im Jahr 1968\n\t\t\t\t<\/dd><\/dl><br style=\"clear: both\" \/><dl class='gallery-item'>\n\t\t\t<dt class='gallery-icon landscape'>\n\t\t\t\t<a href='https:\/\/tsg-badenhausen.de\/cms\/vereinschronik\/gymnastikgruppe.html\/attachment\/04_10-jaehriges-bestehen\/'><img width=\"133\" height=\"133\" src=\"https:\/\/tsg-badenhausen.de\/cms\/wp-content\/uploads\/2013\/12\/04_10-jaehriges-Bestehen-150x150.jpg\" class=\"attachment-thumbnail size-thumbnail\" alt=\"Damen Gymnastikgruppe 10j\u00e4hriges Bestehen\" decoding=\"async\" loading=\"lazy\" aria-describedby=\"gallery-1-486\" \/><\/a>\n\t\t\t<\/dt>\n\t\t\t\t<dd class='wp-caption-text gallery-caption' id='gallery-1-486'>\n\t\t\t\tDamen Gymnastikgruppe 10j\u00e4hriges Bestehen\n\t\t\t\t<\/dd><\/dl><dl class='gallery-item'>\n\t\t\t<dt class='gallery-icon landscape'>\n\t\t\t\t<a href='https:\/\/tsg-badenhausen.de\/cms\/vereinschronik\/gymnastikgruppe.html\/attachment\/05_10-jaehriges-bestehen\/'><img width=\"133\" height=\"133\" src=\"https:\/\/tsg-badenhausen.de\/cms\/wp-content\/uploads\/2013\/12\/05_10-jaehriges-Bestehen-150x150.jpg\" class=\"attachment-thumbnail size-thumbnail\" alt=\"Damen Gymnastikgruppe 10j\u00e4hriges Bestehen\" decoding=\"async\" loading=\"lazy\" aria-describedby=\"gallery-1-487\" \/><\/a>\n\t\t\t<\/dt>\n\t\t\t\t<dd class='wp-caption-text gallery-caption' id='gallery-1-487'>\n\t\t\t\tDamen Gymnastikgruppe 10j\u00e4hriges Bestehen\n\t\t\t\t<\/dd><\/dl><dl class='gallery-item'>\n\t\t\t<dt class='gallery-icon landscape'>\n\t\t\t\t<a href='https:\/\/tsg-badenhausen.de\/cms\/vereinschronik\/gymnastikgruppe.html\/attachment\/06_20-jaehriges-bestehen-01\/'><img width=\"133\" height=\"133\" src=\"https:\/\/tsg-badenhausen.de\/cms\/wp-content\/uploads\/2013\/12\/06_20-jaehriges-Bestehen-01-150x150.jpg\" class=\"attachment-thumbnail size-thumbnail\" alt=\"Damen Gymnastikgruppe 20j\u00e4hriges Bestehen\" decoding=\"async\" loading=\"lazy\" aria-describedby=\"gallery-1-488\" \/><\/a>\n\t\t\t<\/dt>\n\t\t\t\t<dd class='wp-caption-text gallery-caption' id='gallery-1-488'>\n\t\t\t\tDamen Gymnastikgruppe 20j\u00e4hriges Bestehen\n\t\t\t\t<\/dd><\/dl><br style=\"clear: both\" \/><dl class='gallery-item'>\n\t\t\t<dt class='gallery-icon landscape'>\n\t\t\t\t<a href='https:\/\/tsg-badenhausen.de\/cms\/vereinschronik\/gymnastikgruppe.html\/attachment\/07_20-jaehriges-bestehen-02\/'><img width=\"133\" height=\"133\" src=\"https:\/\/tsg-badenhausen.de\/cms\/wp-content\/uploads\/2013\/12\/07_20-jaehriges-Bestehen-02-150x150.jpg\" class=\"attachment-thumbnail size-thumbnail\" alt=\"Gynmastikstunde 1985\" decoding=\"async\" loading=\"lazy\" aria-describedby=\"gallery-1-489\" \/><\/a>\n\t\t\t<\/dt>\n\t\t\t\t<dd class='wp-caption-text gallery-caption' id='gallery-1-489'>\n\t\t\t\tGynmastikstunde 1985\n\t\t\t\t<\/dd><\/dl><dl class='gallery-item'>\n\t\t\t<dt class='gallery-icon landscape'>\n\t\t\t\t<a href='https:\/\/tsg-badenhausen.de\/cms\/vereinschronik\/gymnastikgruppe.html\/attachment\/08_20-jaehriges-bestehen-03-ehrungen\/'><img width=\"133\" height=\"133\" src=\"https:\/\/tsg-badenhausen.de\/cms\/wp-content\/uploads\/2013\/12\/08_20-jaehriges-Bestehen-03-Ehrungen-150x150.jpg\" class=\"attachment-thumbnail size-thumbnail\" alt=\"Damen Gymnastikgruppe 20j\u00e4hriges Bestehen\" decoding=\"async\" loading=\"lazy\" aria-describedby=\"gallery-1-490\" \/><\/a>\n\t\t\t<\/dt>\n\t\t\t\t<dd class='wp-caption-text gallery-caption' id='gallery-1-490'>\n\t\t\t\tDamen Gymnastikgruppe 20j\u00e4hriges Bestehen\n\t\t\t\t<\/dd><\/dl><dl class='gallery-item'>\n\t\t\t<dt class='gallery-icon landscape'>\n\t\t\t\t<a href='https:\/\/tsg-badenhausen.de\/cms\/vereinschronik\/gymnastikgruppe.html\/attachment\/09_25-jaehriges-bestehen-geehrte\/'><img width=\"133\" height=\"133\" src=\"https:\/\/tsg-badenhausen.de\/cms\/wp-content\/uploads\/2013\/12\/09_25-jaehriges-Bestehen-geehrte-150x150.jpg\" class=\"attachment-thumbnail size-thumbnail\" alt=\"Damen Gymnastikgruppe 25j\u00e4hriges Bestehen\" decoding=\"async\" loading=\"lazy\" aria-describedby=\"gallery-1-491\" \/><\/a>\n\t\t\t<\/dt>\n\t\t\t\t<dd class='wp-caption-text gallery-caption' id='gallery-1-491'>\n\t\t\t\tDamen Gymnastikgruppe 25j\u00e4hriges Bestehen\n\t\t\t\t<\/dd><\/dl><br style=\"clear: both\" \/><dl class='gallery-item'>\n\t\t\t<dt class='gallery-icon landscape'>\n\t\t\t\t<a href='https:\/\/tsg-badenhausen.de\/cms\/vereinschronik\/gymnastikgruppe.html\/attachment\/10_frauengymnastik-2007\/'><img width=\"133\" height=\"133\" src=\"https:\/\/tsg-badenhausen.de\/cms\/wp-content\/uploads\/2013\/12\/10_Frauengymnastik-2007-150x150.jpg\" class=\"attachment-thumbnail size-thumbnail\" alt=\"Damen Gymnastikgruppe 2007\" decoding=\"async\" loading=\"lazy\" aria-describedby=\"gallery-1-492\" \/><\/a>\n\t\t\t<\/dt>\n\t\t\t\t<dd class='wp-caption-text gallery-caption' id='gallery-1-492'>\n\t\t\t\tDamen Gymnastikgruppe 2007\n\t\t\t\t<\/dd><\/dl><dl class='gallery-item'>\n\t\t\t<dt class='gallery-icon landscape'>\n\t\t\t\t<a href='https:\/\/tsg-badenhausen.de\/cms\/vereinschronik\/gymnastikgruppe.html\/attachment\/11_gruppe-damengym-2013\/'><img width=\"133\" height=\"133\" src=\"https:\/\/tsg-badenhausen.de\/cms\/wp-content\/uploads\/2013\/12\/11_Gruppe-Damengym.-2013-150x150.jpg\" class=\"attachment-thumbnail size-thumbnail\" alt=\"Damen Gymnastikgruppe 2013\" decoding=\"async\" loading=\"lazy\" aria-describedby=\"gallery-1-493\" \/><\/a>\n\t\t\t<\/dt>\n\t\t\t\t<dd class='wp-caption-text gallery-caption' id='gallery-1-493'>\n\t\t\t\tDamen Gymnastikgruppe 2013\n\t\t\t\t<\/dd><\/dl>\n\t\t\t<br style='clear: both' \/>\n\t\t<\/div>\n\n","protected":false},"excerpt":{"rendered":"<p>Seit dem 1. M\u00e4rz 1964 treffen sich die Mitglieder der Damengymnastik am Montagabend in der kleinen Sporthalle am Johannisborn. Als erste \u00dcbungsleiterin leitete Frau Limburg aus Gittelde die \u00dcbungsstunde. Von ihr \u00fcbernahmen zuerst Frau Kramer, Frau Pauls dann Frau Pisewotzki die Gymnastikstunde. In den 80er Jahren, unter Leitung von Sigrid Lata, erfreute sich die Frauengymnastik [&hellip;]<\/p>\n","protected":false},"author":3,"featured_media":0,"parent":76,"menu_order":0,"comment_status":"closed","ping_status":"open","template":"","meta":{"_links_to":"","_links_to_target":""},"_links":{"self":[{"href":"https:\/\/tsg-badenhausen.de\/cms\/wp-json\/wp\/v2\/pages\/439"}],"collection":[{"href":"https:\/\/tsg-badenhausen.de\/cms\/wp-json\/wp\/v2\/pages"}],"about":[{"href":"https:\/\/tsg-badenhausen.de\/cms\/wp-json\/wp\/v2\/types\/page"}],"author":[{"embeddable":true,"href":"https:\/\/tsg-badenhausen.de\/cms\/wp-json\/wp\/v2\/users\/3"}],"replies":[{"embeddable":true,"href":"https:\/\/tsg-badenhausen.de\/cms\/wp-json\/wp\/v2\/comments?post=439"}],"version-history":[{"count":5,"href":"https:\/\/tsg-badenhausen.de\/cms\/wp-json\/wp\/v2\/pages\/439\/revisions"}],"predecessor-version":[{"id":1339,"href":"https:\/\/tsg-badenhausen.de\/cms\/wp-json\/wp\/v2\/pages\/439\/revisions\/1339"}],"up":[{"embeddable":true,"href":"https:\/\/tsg-badenhausen.de\/cms\/wp-json\/wp\/v2\/pages\/76"}],"wp:attachment":[{"href":"https:\/\/tsg-badenhausen.de\/cms\/wp-json\/wp\/v2\/media?parent=439"}],"curies":[{"name":"wp","href":"https:\/\/api.w.org\/{rel}","templated":true}]}}