{"id":437,"date":"2013-12-20T15:35:21","date_gmt":"2013-12-20T13:35:21","guid":{"rendered":"http:\/\/tsg-badenhausen.de\/cms\/?page_id=437"},"modified":"2014-01-07T01:06:56","modified_gmt":"2014-01-06T23:06:56","slug":"eltern-und-kind-gruppe","status":"publish","type":"page","link":"https:\/\/tsg-badenhausen.de\/cms\/vereinschronik\/eltern-und-kind-gruppe.html","title":{"rendered":"Eltern und Kind Turnen"},"content":{"rendered":"<p>Am 13. April 1983 fand die erste Turnstunde der Mutter-Kind-Turngruppe statt. Christina Sinram, Mutter von inzwischen vier erwachsenen Kindern, hatte nicht nur die Idee sondern auch die Initiative ergriffen junge M\u00fctter mit ihren kleinen Kindern in die Turnhalle zu holen. Mit viel Engagement und Ideenreichtum wurde nicht nur die w\u00f6chentliche Turnstunde gestaltet, auch beim Puzzelturnen waren unsere J\u00fcngsten dabei. Im Februar wurde gemeinsam Fasching gefeiert und zu Weihnachten gab es schon mal ein Puppentheater oder der Weihnachtsmann schaute vorbei. Christina h\u00f6rte nach mehr als 13 Jahren auf und gab die Gruppe an Carola Rosenthal ab.<\/p>\n<p>Klettern, Kullern, Springen, Toben, Spiele und Singen stehen auf dem Programm in dieser Turnstunde. Mit der Zeit kamen nicht nur M\u00fctter, sondern auch V\u00e4ter, Omas und andere gro\u00dfe Begleiter mit ihren 1- bis 3-j\u00e4hrigen &#8222;Kleinen&#8220; in diese Gruppe. Erste soziale Kontakte werden gekn\u00fcpft, viele Turnger\u00e4te kennen gelernt, Bewegungslandschaften werden erkundet, Alltagsmaterialien werden neu entdeckt, Fingerspiele erlernt, Lieder gesungen und, und, und.<\/p>\n<p>Von Carola Rosenthal \u00fcbernahm erst Werner Bohnen, Sylvia Rosenfeld, dann Susanne L\u00f6ding gemeinsam mit Sabiene Ostermeyer die Gruppe. 2009 verabschiedete sich Susanne L\u00f6ding. Nach den Sommerferien 2009 konnte dann Claudia Wachsmuth als \u00dcbungsleiterin gewonnen werden, die\u00a0 seit\u00a0 M\u00e4rz 2010, nach dem Ausscheiden von Sabiene Ostermeyer, die Gruppe alleine leitet. Nicole Schwiers springt aktuell f\u00fcr Claudia Wachsmuth ein, wenn sie aufgrund beruflicher Verpflichtungen verhindert ist.<\/p>\n<p>&nbsp;<\/p>\n<div id=\"attachment_1078\" style=\"width: 510px\" class=\"wp-caption alignnone\"><a href=\"http:\/\/tsg-badenhausen.de\/cms\/wp-content\/uploads\/2013\/12\/01_Turn1_20051.jpg\"><img aria-describedby=\"caption-attachment-1078\" decoding=\"async\" loading=\"lazy\" class=\"size-full wp-image-1078\" alt=\"Eltern &amp; Kind Gruppe 2005\" src=\"http:\/\/tsg-badenhausen.de\/cms\/wp-content\/uploads\/2013\/12\/01_Turn1_20051.jpg\" width=\"500\" height=\"339\" srcset=\"https:\/\/tsg-badenhausen.de\/cms\/wp-content\/uploads\/2013\/12\/01_Turn1_20051.jpg 500w, https:\/\/tsg-badenhausen.de\/cms\/wp-content\/uploads\/2013\/12\/01_Turn1_20051-300x203.jpg 300w\" sizes=\"(max-width: 500px) 100vw, 500px\" \/><\/a><p id=\"caption-attachment-1078\" class=\"wp-caption-text\">Eltern &amp; Kind Gruppe 2005<\/p><\/div>\n<div id=\"attachment_1079\" style=\"width: 510px\" class=\"wp-caption alignnone\"><a href=\"http:\/\/tsg-badenhausen.de\/cms\/wp-content\/uploads\/2013\/12\/02_Fasching-20051.jpg\"><img aria-describedby=\"caption-attachment-1079\" decoding=\"async\" loading=\"lazy\" class=\"size-full wp-image-1079\" alt=\"Eltern &amp; Kind Gruppe 2005\" src=\"http:\/\/tsg-badenhausen.de\/cms\/wp-content\/uploads\/2013\/12\/02_Fasching-20051.jpg\" width=\"500\" height=\"333\" srcset=\"https:\/\/tsg-badenhausen.de\/cms\/wp-content\/uploads\/2013\/12\/02_Fasching-20051.jpg 500w, https:\/\/tsg-badenhausen.de\/cms\/wp-content\/uploads\/2013\/12\/02_Fasching-20051-300x199.jpg 300w\" sizes=\"(max-width: 500px) 100vw, 500px\" \/><\/a><p id=\"caption-attachment-1079\" class=\"wp-caption-text\">Eltern &amp; Kind Gruppe 2005 Fasching<\/p><\/div>\n<div id=\"attachment_1080\" style=\"width: 510px\" class=\"wp-caption alignnone\"><a href=\"http:\/\/tsg-badenhausen.de\/cms\/wp-content\/uploads\/2013\/12\/03_Abschluss-Juli-20051.jpg\"><img aria-describedby=\"caption-attachment-1080\" decoding=\"async\" loading=\"lazy\" class=\"size-full wp-image-1080\" alt=\"Eltern &amp; Kind Gruppe 2006\" src=\"http:\/\/tsg-badenhausen.de\/cms\/wp-content\/uploads\/2013\/12\/03_Abschluss-Juli-20051.jpg\" width=\"500\" height=\"333\" srcset=\"https:\/\/tsg-badenhausen.de\/cms\/wp-content\/uploads\/2013\/12\/03_Abschluss-Juli-20051.jpg 500w, https:\/\/tsg-badenhausen.de\/cms\/wp-content\/uploads\/2013\/12\/03_Abschluss-Juli-20051-300x199.jpg 300w\" sizes=\"(max-width: 500px) 100vw, 500px\" \/><\/a><p id=\"caption-attachment-1080\" class=\"wp-caption-text\">Eltern &amp; Kind Gruppe 2005 Abschluss<\/p><\/div>\n<div id=\"attachment_1081\" style=\"width: 510px\" class=\"wp-caption alignnone\"><a href=\"http:\/\/tsg-badenhausen.de\/cms\/wp-content\/uploads\/2013\/12\/04_Gruppe-20061.jpg\"><img aria-describedby=\"caption-attachment-1081\" decoding=\"async\" loading=\"lazy\" class=\"size-full wp-image-1081\" alt=\"Eltern &amp; Kind Gruppe 2006\" src=\"http:\/\/tsg-badenhausen.de\/cms\/wp-content\/uploads\/2013\/12\/04_Gruppe-20061.jpg\" width=\"500\" height=\"333\" srcset=\"https:\/\/tsg-badenhausen.de\/cms\/wp-content\/uploads\/2013\/12\/04_Gruppe-20061.jpg 500w, https:\/\/tsg-badenhausen.de\/cms\/wp-content\/uploads\/2013\/12\/04_Gruppe-20061-300x199.jpg 300w\" sizes=\"(max-width: 500px) 100vw, 500px\" \/><\/a><p id=\"caption-attachment-1081\" class=\"wp-caption-text\">Eltern &amp; Kind Gruppe 2006<\/p><\/div>\n<div id=\"attachment_1082\" style=\"width: 510px\" class=\"wp-caption alignnone\"><a href=\"http:\/\/tsg-badenhausen.de\/cms\/wp-content\/uploads\/2013\/12\/05_Gruppe-20071.jpg\"><img aria-describedby=\"caption-attachment-1082\" decoding=\"async\" loading=\"lazy\" class=\"size-full wp-image-1082\" alt=\"Eltern &amp; Kind Gruppe 2007\" src=\"http:\/\/tsg-badenhausen.de\/cms\/wp-content\/uploads\/2013\/12\/05_Gruppe-20071.jpg\" width=\"500\" height=\"333\" srcset=\"https:\/\/tsg-badenhausen.de\/cms\/wp-content\/uploads\/2013\/12\/05_Gruppe-20071.jpg 500w, https:\/\/tsg-badenhausen.de\/cms\/wp-content\/uploads\/2013\/12\/05_Gruppe-20071-300x199.jpg 300w\" sizes=\"(max-width: 500px) 100vw, 500px\" \/><\/a><p id=\"caption-attachment-1082\" class=\"wp-caption-text\">Eltern &amp; Kind Gruppe 2007<\/p><\/div>\n","protected":false},"excerpt":{"rendered":"<p>Am 13. April 1983 fand die erste Turnstunde der Mutter-Kind-Turngruppe statt. Christina Sinram, Mutter von inzwischen vier erwachsenen Kindern, hatte nicht nur die Idee sondern auch die Initiative ergriffen junge M\u00fctter mit ihren kleinen Kindern in die Turnhalle zu holen. Mit viel Engagement und Ideenreichtum wurde nicht nur die w\u00f6chentliche Turnstunde gestaltet, auch beim Puzzelturnen [&hellip;]<\/p>\n","protected":false},"author":3,"featured_media":0,"parent":76,"menu_order":0,"comment_status":"closed","ping_status":"open","template":"","meta":{"_links_to":"","_links_to_target":""},"_links":{"self":[{"href":"https:\/\/tsg-badenhausen.de\/cms\/wp-json\/wp\/v2\/pages\/437"}],"collection":[{"href":"https:\/\/tsg-badenhausen.de\/cms\/wp-json\/wp\/v2\/pages"}],"about":[{"href":"https:\/\/tsg-badenhausen.de\/cms\/wp-json\/wp\/v2\/types\/page"}],"author":[{"embeddable":true,"href":"https:\/\/tsg-badenhausen.de\/cms\/wp-json\/wp\/v2\/users\/3"}],"replies":[{"embeddable":true,"href":"https:\/\/tsg-badenhausen.de\/cms\/wp-json\/wp\/v2\/comments?post=437"}],"version-history":[{"count":7,"href":"https:\/\/tsg-badenhausen.de\/cms\/wp-json\/wp\/v2\/pages\/437\/revisions"}],"predecessor-version":[{"id":1350,"href":"https:\/\/tsg-badenhausen.de\/cms\/wp-json\/wp\/v2\/pages\/437\/revisions\/1350"}],"up":[{"embeddable":true,"href":"https:\/\/tsg-badenhausen.de\/cms\/wp-json\/wp\/v2\/pages\/76"}],"wp:attachment":[{"href":"https:\/\/tsg-badenhausen.de\/cms\/wp-json\/wp\/v2\/media?parent=437"}],"curies":[{"name":"wp","href":"https:\/\/api.w.org\/{rel}","templated":true}]}}