{"id":42,"date":"2013-05-27T14:45:18","date_gmt":"2013-05-27T12:45:18","guid":{"rendered":"http:\/\/tsg-badenhausen.de\/?page_id=42"},"modified":"2026-01-11T23:53:16","modified_gmt":"2026-01-11T21:53:16","slug":"teamsport","status":"publish","type":"page","link":"https:\/\/tsg-badenhausen.de\/cms\/handball\/teamsport.html","title":{"rendered":"Badminton"},"content":{"rendered":"<p><strong>Montag, 20.00 \u2013 21.00 Uhr, kleinen Turnhalle, \u00dcL: Gudula Haase<\/strong><\/p>\n<p>Die Badminton-Gruppe trifft sich jeden Montag um 20.30 Uhr in der kleinen Turnhalle. Es wird zwar nach Regeln gespielt,<br \/>\nim Vordergrund steht aber der Spa\u00df; deshalb wird auch auf eine Teilnahme an Punktspielen oder Turnieren verzichtet.<br \/>\nDie Gruppe freut sich jederzeit \u00fcber Neuzug\u00e4nge.<\/p>\n<p><a href=\"http:\/\/tsg-badenhausen.de\/cms\/wp-content\/uploads\/2019\/12\/Badminton_2019.jpg\"><img decoding=\"async\" loading=\"lazy\" class=\"alignnone size-full wp-image-3317\" src=\"http:\/\/tsg-badenhausen.de\/cms\/wp-content\/uploads\/2019\/12\/Badminton_2019.jpg\" alt=\"\" width=\"600\" height=\"400\" srcset=\"https:\/\/tsg-badenhausen.de\/cms\/wp-content\/uploads\/2019\/12\/Badminton_2019.jpg 600w, https:\/\/tsg-badenhausen.de\/cms\/wp-content\/uploads\/2019\/12\/Badminton_2019-300x200.jpg 300w, https:\/\/tsg-badenhausen.de\/cms\/wp-content\/uploads\/2019\/12\/Badminton_2019-200x133.jpg 200w\" sizes=\"(max-width: 600px) 100vw, 600px\" \/><\/a><\/p>\n<p><a href=\"http:\/\/tsg-badenhausen.de\/cms\/wp-content\/uploads\/2013\/05\/Badmin._01.jpg\"><img decoding=\"async\" loading=\"lazy\" class=\"size-full wp-image-214\" src=\"http:\/\/tsg-badenhausen.de\/cms\/wp-content\/uploads\/2013\/05\/Badmin._01.jpg\" alt=\"Badminton Bild 1\" width=\"500\" height=\"333\" srcset=\"https:\/\/tsg-badenhausen.de\/cms\/wp-content\/uploads\/2013\/05\/Badmin._01.jpg 500w, https:\/\/tsg-badenhausen.de\/cms\/wp-content\/uploads\/2013\/05\/Badmin._01-300x199.jpg 300w\" sizes=\"(max-width: 500px) 100vw, 500px\" \/><\/a><\/p>\n<p><a href=\"http:\/\/tsg-badenhausen.de\/cms\/wp-content\/uploads\/2013\/05\/Badmin._02.jpg\"><img decoding=\"async\" loading=\"lazy\" class=\"size-full wp-image-215\" src=\"http:\/\/tsg-badenhausen.de\/cms\/wp-content\/uploads\/2013\/05\/Badmin._02.jpg\" alt=\"Badminton Bild 2\" width=\"500\" height=\"325\" srcset=\"https:\/\/tsg-badenhausen.de\/cms\/wp-content\/uploads\/2013\/05\/Badmin._02.jpg 500w, https:\/\/tsg-badenhausen.de\/cms\/wp-content\/uploads\/2013\/05\/Badmin._02-300x195.jpg 300w\" sizes=\"(max-width: 500px) 100vw, 500px\" \/><\/a><\/p>\n<p><a href=\"http:\/\/tsg-badenhausen.de\/cms\/wp-content\/uploads\/2013\/05\/Badmin._03.jpg\"><img decoding=\"async\" loading=\"lazy\" class=\"size-full wp-image-216\" src=\"http:\/\/tsg-badenhausen.de\/cms\/wp-content\/uploads\/2013\/05\/Badmin._03.jpg\" alt=\"Badminton Bild 3\" width=\"500\" height=\"328\" srcset=\"https:\/\/tsg-badenhausen.de\/cms\/wp-content\/uploads\/2013\/05\/Badmin._03.jpg 500w, https:\/\/tsg-badenhausen.de\/cms\/wp-content\/uploads\/2013\/05\/Badmin._03-300x196.jpg 300w\" sizes=\"(max-width: 500px) 100vw, 500px\" \/><\/a><\/p>\n<p><a href=\"http:\/\/tsg-badenhausen.de\/cms\/wp-content\/uploads\/2013\/05\/Badmin._04.jpg\"><img decoding=\"async\" loading=\"lazy\" class=\"size-full wp-image-217\" src=\"http:\/\/tsg-badenhausen.de\/cms\/wp-content\/uploads\/2013\/05\/Badmin._04.jpg\" alt=\"Badminton Bild 4\" width=\"500\" height=\"343\" srcset=\"https:\/\/tsg-badenhausen.de\/cms\/wp-content\/uploads\/2013\/05\/Badmin._04.jpg 500w, https:\/\/tsg-badenhausen.de\/cms\/wp-content\/uploads\/2013\/05\/Badmin._04-300x205.jpg 300w\" sizes=\"(max-width: 500px) 100vw, 500px\" \/><\/a><\/p>\n<p><a href=\"http:\/\/tsg-badenhausen.de\/cms\/wp-content\/uploads\/2013\/05\/Badmin._05.jpg\"><img decoding=\"async\" loading=\"lazy\" class=\"size-full wp-image-218\" src=\"http:\/\/tsg-badenhausen.de\/cms\/wp-content\/uploads\/2013\/05\/Badmin._05.jpg\" alt=\"Badminton Bild 5\" width=\"500\" height=\"802\" srcset=\"https:\/\/tsg-badenhausen.de\/cms\/wp-content\/uploads\/2013\/05\/Badmin._05.jpg 500w, https:\/\/tsg-badenhausen.de\/cms\/wp-content\/uploads\/2013\/05\/Badmin._05-187x300.jpg 187w\" sizes=\"(max-width: 500px) 100vw, 500px\" \/><\/a><\/p>\n","protected":false},"excerpt":{"rendered":"<p>Montag, 20.00 \u2013 21.00 Uhr, kleinen Turnhalle, \u00dcL: Gudula Haase Die Badminton-Gruppe trifft sich jeden Montag um 20.30 Uhr in der kleinen Turnhalle. Es wird zwar nach Regeln gespielt, im Vordergrund steht aber der Spa\u00df; deshalb wird auch auf eine Teilnahme an Punktspielen oder Turnieren verzichtet. Die Gruppe freut sich jederzeit \u00fcber Neuzug\u00e4nge.<\/p>\n","protected":false},"author":3,"featured_media":0,"parent":21,"menu_order":0,"comment_status":"closed","ping_status":"open","template":"","meta":{"_links_to":"","_links_to_target":""},"_links":{"self":[{"href":"https:\/\/tsg-badenhausen.de\/cms\/wp-json\/wp\/v2\/pages\/42"}],"collection":[{"href":"https:\/\/tsg-badenhausen.de\/cms\/wp-json\/wp\/v2\/pages"}],"about":[{"href":"https:\/\/tsg-badenhausen.de\/cms\/wp-json\/wp\/v2\/types\/page"}],"author":[{"embeddable":true,"href":"https:\/\/tsg-badenhausen.de\/cms\/wp-json\/wp\/v2\/users\/3"}],"replies":[{"embeddable":true,"href":"https:\/\/tsg-badenhausen.de\/cms\/wp-json\/wp\/v2\/comments?post=42"}],"version-history":[{"count":23,"href":"https:\/\/tsg-badenhausen.de\/cms\/wp-json\/wp\/v2\/pages\/42\/revisions"}],"predecessor-version":[{"id":4757,"href":"https:\/\/tsg-badenhausen.de\/cms\/wp-json\/wp\/v2\/pages\/42\/revisions\/4757"}],"up":[{"embeddable":true,"href":"https:\/\/tsg-badenhausen.de\/cms\/wp-json\/wp\/v2\/pages\/21"}],"wp:attachment":[{"href":"https:\/\/tsg-badenhausen.de\/cms\/wp-json\/wp\/v2\/media?parent=42"}],"curies":[{"name":"wp","href":"https:\/\/api.w.org\/{rel}","templated":true}]}}