{"id":3942,"date":"2022-06-20T13:00:56","date_gmt":"2022-06-20T11:00:56","guid":{"rendered":"https:\/\/tsg-badenhausen.de\/cms\/?page_id=3942"},"modified":"2025-02-11T22:39:53","modified_gmt":"2025-02-11T20:39:53","slug":"just-dance","status":"publish","type":"page","link":"https:\/\/tsg-badenhausen.de\/cms\/handball\/just-dance.html","title":{"rendered":"Just Dance"},"content":{"rendered":"\n<p><strong>Freitag, 19.00 -20.00 Uhr, kleine Turnhalle, \u00dcL: Lisa Meier<\/strong><\/p>\n\n\n\n<p>Alle Teens ab 12 Jahren die Spa\u00df am Tanzen haben, k\u00f6nnen hier die verschiedensten Tanzrichtungen ausprobieren. Unter der Leitung von Jasmin Beede habt ihr eine Stunde, bei der ihr euch zu coller Musik auspowern k\u00f6nnt.<br>Schaut doch einfach mal vorbei!<\/p>\n","protected":false},"excerpt":{"rendered":"<p>Freitag, 19.00 -20.00 Uhr, kleine Turnhalle, \u00dcL: Lisa Meier Alle Teens ab 12 Jahren die Spa\u00df am Tanzen haben, k\u00f6nnen hier die verschiedensten Tanzrichtungen ausprobieren. Unter der Leitung von Jasmin Beede habt ihr eine Stunde, bei der ihr euch zu coller Musik auspowern k\u00f6nnt.Schaut doch einfach mal vorbei!<\/p>\n","protected":false},"author":4,"featured_media":0,"parent":21,"menu_order":0,"comment_status":"closed","ping_status":"closed","template":"","meta":{"_links_to":"","_links_to_target":""},"_links":{"self":[{"href":"https:\/\/tsg-badenhausen.de\/cms\/wp-json\/wp\/v2\/pages\/3942"}],"collection":[{"href":"https:\/\/tsg-badenhausen.de\/cms\/wp-json\/wp\/v2\/pages"}],"about":[{"href":"https:\/\/tsg-badenhausen.de\/cms\/wp-json\/wp\/v2\/types\/page"}],"author":[{"embeddable":true,"href":"https:\/\/tsg-badenhausen.de\/cms\/wp-json\/wp\/v2\/users\/4"}],"replies":[{"embeddable":true,"href":"https:\/\/tsg-badenhausen.de\/cms\/wp-json\/wp\/v2\/comments?post=3942"}],"version-history":[{"count":3,"href":"https:\/\/tsg-badenhausen.de\/cms\/wp-json\/wp\/v2\/pages\/3942\/revisions"}],"predecessor-version":[{"id":4634,"href":"https:\/\/tsg-badenhausen.de\/cms\/wp-json\/wp\/v2\/pages\/3942\/revisions\/4634"}],"up":[{"embeddable":true,"href":"https:\/\/tsg-badenhausen.de\/cms\/wp-json\/wp\/v2\/pages\/21"}],"wp:attachment":[{"href":"https:\/\/tsg-badenhausen.de\/cms\/wp-json\/wp\/v2\/media?parent=3942"}],"curies":[{"name":"wp","href":"https:\/\/api.w.org\/{rel}","templated":true}]}}