{"id":3011,"date":"2018-09-07T16:12:18","date_gmt":"2018-09-07T14:12:18","guid":{"rendered":"http:\/\/tsg-badenhausen.de\/cms\/?page_id=3011"},"modified":"2022-06-20T13:02:11","modified_gmt":"2022-06-20T11:02:11","slug":"60-fit","status":"publish","type":"page","link":"https:\/\/tsg-badenhausen.de\/cms\/handball\/60-fit.html","title":{"rendered":"60 ++ Fit"},"content":{"rendered":"<p><strong><span style=\"font-family: arial, helvetica, sans-serif;\">Dienstag, 9.30 &#8211; 10.30 Uhr, kleine Turnhalle, \u00dcL: Werner Bohnen<\/span><\/strong><\/p>\n<p><span style=\"font-family: arial, helvetica, sans-serif;\">Alle M\u00e4nner ab 60 Jahren k\u00f6nnen bei dieser \u00dcbungsstunde fit bleiben oder werden. Es werden Dehnungs\u00fcbungen, Atem\u00fcbungen, \u00dcbungen f\u00fcr alle Muskulaturbereiche,\u00a0 Beweglichkeitstraining, Balance\u00fcbungen, Kraft\u00fcbungen und verschiedene Ballspiele angeboten. Also f\u00fcr jeden etwas dabei. <strong>Einfach mal vorbeischauen!<\/strong><\/span><\/p>\n","protected":false},"excerpt":{"rendered":"<p>Dienstag, 9.30 &#8211; 10.30 Uhr, kleine Turnhalle, \u00dcL: Werner Bohnen Alle M\u00e4nner ab 60 Jahren k\u00f6nnen bei dieser \u00dcbungsstunde fit bleiben oder werden. Es werden Dehnungs\u00fcbungen, Atem\u00fcbungen, \u00dcbungen f\u00fcr alle Muskulaturbereiche,\u00a0 Beweglichkeitstraining, Balance\u00fcbungen, Kraft\u00fcbungen und verschiedene Ballspiele angeboten. Also f\u00fcr jeden etwas dabei. Einfach mal vorbeischauen!<\/p>\n","protected":false},"author":4,"featured_media":0,"parent":21,"menu_order":0,"comment_status":"closed","ping_status":"closed","template":"","meta":{"_links_to":"","_links_to_target":""},"_links":{"self":[{"href":"https:\/\/tsg-badenhausen.de\/cms\/wp-json\/wp\/v2\/pages\/3011"}],"collection":[{"href":"https:\/\/tsg-badenhausen.de\/cms\/wp-json\/wp\/v2\/pages"}],"about":[{"href":"https:\/\/tsg-badenhausen.de\/cms\/wp-json\/wp\/v2\/types\/page"}],"author":[{"embeddable":true,"href":"https:\/\/tsg-badenhausen.de\/cms\/wp-json\/wp\/v2\/users\/4"}],"replies":[{"embeddable":true,"href":"https:\/\/tsg-badenhausen.de\/cms\/wp-json\/wp\/v2\/comments?post=3011"}],"version-history":[{"count":3,"href":"https:\/\/tsg-badenhausen.de\/cms\/wp-json\/wp\/v2\/pages\/3011\/revisions"}],"predecessor-version":[{"id":3944,"href":"https:\/\/tsg-badenhausen.de\/cms\/wp-json\/wp\/v2\/pages\/3011\/revisions\/3944"}],"up":[{"embeddable":true,"href":"https:\/\/tsg-badenhausen.de\/cms\/wp-json\/wp\/v2\/pages\/21"}],"wp:attachment":[{"href":"https:\/\/tsg-badenhausen.de\/cms\/wp-json\/wp\/v2\/media?parent=3011"}],"curies":[{"name":"wp","href":"https:\/\/api.w.org\/{rel}","templated":true}]}}