{"id":2985,"date":"2018-09-07T01:42:18","date_gmt":"2018-09-06T23:42:18","guid":{"rendered":"http:\/\/tsg-badenhausen.de\/cms\/?page_id=2985"},"modified":"2018-09-07T02:00:51","modified_gmt":"2018-09-07T00:00:51","slug":"informationspflichten-art-13-und-14-ds-gvo","status":"publish","type":"page","link":"https:\/\/tsg-badenhausen.de\/cms\/vereinsdaten\/informationspflichten-art-13-und-14-ds-gvo.html","title":{"rendered":"Informationspflichten, Art. 13 und 14 DS-GVO"},"content":{"rendered":"<h2 style=\"text-align: left;\"><span style=\"font-size: 14pt; color: #000000;\"><b>Informationspflichten nach Artikel 13 und 14 DS-GVO<\/b><\/span><\/h2>\n<p style=\"text-align: left;\"><span style=\"font-size: 12pt;\">Nach Artikel 13 und 14 EU-DSGVO hat der Verantwortliche einer betroffenen Person, deren Daten er verarbeitet, die in den Artikeln genannten Informationen bereit zu stellen. Dieser Informationspflicht kommt dieses Merkblatt nach.<\/span><\/p>\n<p style=\"text-align: left;\"><span style=\"font-size: 12pt;\">1. Namen und Kontaktdaten des Verantwortlichen sowie gegebenenfalls seiner Vertreter:<\/span><\/p>\n<p style=\"text-align: left;\"><span style=\"font-size: 12pt;\"><i><span style=\"color: #ffffff;\">&#8212;&#8212;&#8212;&#8212;&#8212;&#8212;&#8212;&#8212;<\/span>TSG Badenhausen<br \/>\n<\/i><\/span><span style=\"font-size: 12pt;\"><i><span style=\"color: #ffffff;\">&#8212;&#8212;&#8212;&#8212;&#8212;&#8212;&#8212;&#8212;<\/span>Unterdorf 12<br \/>\n<\/i><\/span><span style=\"font-size: 12pt;\"><i><span style=\"color: #ffffff;\">&#8212;&#8212;&#8212;&#8212;&#8212;&#8212;&#8212;&#8212;<\/span>37539 Bad Grund &#8211; Badenhausen<\/i><\/span><\/p>\n<p style=\"text-align: left;\"><span style=\"font-size: 12pt;\"> gesetzlich vertreten durch den Vorstand nach \u00a7 26 BGB<\/span><\/p>\n<p style=\"text-align: left;\"><span style=\"font-size: 12pt;\"><i><span style=\"color: #ffffff;\">&#8212;&#8212;&#8212;&#8212;&#8212;&#8212;&#8212;&#8212;<\/span>Cornelia Penezis<br \/>\n<span style=\"color: #ffffff;\">&#8212;&#8212;&#8212;&#8212;&#8212;&#8212;&#8212;&#8212;<\/span>Unterdorf 7<br \/>\n<span style=\"color: #ffffff;\">&#8212;&#8212;&#8212;&#8212;&#8212;&#8212;&#8212;&#8212;<\/span>37539 Bad Grund &#8211; Badenhausen<br \/>\n<\/i><\/span><span style=\"font-size: 12pt;\"><i><span style=\"color: #ffffff;\">&#8212;&#8212;&#8212;&#8212;&#8212;&#8212;&#8212;&#8212;<\/span>tsg-badenhausen@gmx.net<\/i><\/span><\/p>\n<p>&nbsp;<\/p>\n<p style=\"text-align: left;\"><span style=\"font-size: 12pt;\">2. Kontaktdaten des Datenschutzbeauftragten\/der Datenschutzbeauftragten:<\/span><\/p>\n<p><span style=\"font-size: 12pt;\"><i><span style=\"color: #ffffff;\">&#8212;&#8212;&#8212;&#8212;&#8212;&#8212;&#8212;&#8212;<\/span>TSG Badenhausen<br \/>\n<\/i><\/span><span style=\"font-size: 12pt;\"><i><span style=\"color: #ffffff;\">&#8212;&#8212;&#8212;&#8212;&#8212;&#8212;&#8212;&#8212;<\/span>Kein Datenschutzbeauftragte\/r!<\/i><\/span><\/p>\n<p><span style=\"font-size: 12pt;\">\u00a0<\/span><\/p>\n<p style=\"text-align: left;\"><span style=\"font-size: 12pt;\">3. Zwecke, f\u00fcr die personenbezogenen Daten verarbeitet werden:<\/span><\/p>\n<ul style=\"text-align: left;\">\n<li><span style=\"font-size: 12pt;\">Die personenbezogenen Daten werden f\u00fcr die Durchf\u00fchrung des Mitgliedschaftsverh\u00e4ltnisses verarbeitet (z.B. Einladung zu Versammlungen, Beitragseinzug, Organisation des Sportbetriebes).<\/span><\/li>\n<li><span style=\"font-size: 12pt;\">Ferner werden personenbezogene Daten zur Teilnahme am Wettkampf-, Turnier- und Spielbetrieb der Landesfachverb\u00e4nde an diese weitergeleitet.<\/span><\/li>\n<li><span style=\"font-size: 12pt;\">Dar\u00fcber hinaus werden personenbezogene Daten im Zusammenhang mit sportlichen Ereignissen einschlie\u00dflich der Berichterstattung hier\u00fcber auf der Internetseite des Vereins, in Auftritten des Vereins in Sozialen Medien sowie auf Seiten der Fachverb\u00e4nde ver\u00f6ffentlicht und an lokale, regionale und \u00fcberregionale Printmedien \u00fcbermittelt<\/span><\/li>\n<\/ul>\n<p>&nbsp;<\/p>\n<p style=\"text-align: left;\"><span style=\"font-size: 12pt;\">4. Rechtsgrundlagen, auf Grund derer die Verarbeitung erfolgt:<\/span><\/p>\n<ul style=\"text-align: left;\">\n<li><span style=\"font-size: 12pt;\">Die Verarbeitung der personenbezogenen Daten erfolgt in der Regel aufgrund der Erforderlichkeit zur Erf\u00fcllung eines Vertrages gem\u00e4\u00df Artikel 6 Abs. 1 lit. b) DSGVO. Bei den Vertragsverh\u00e4ltnissen handelt es sich in erster Linie um das Mitgliedschafts-verh\u00e4ltnis im Verein und um die Teilnahme am Spielbetrieb der Fachverb\u00e4nde.<\/span><\/li>\n<li><span style=\"font-size: 12pt;\">Werden personenbezogene Daten erhoben, ohne dass die Verarbeitung zur Erf\u00fcllung des Vertrages erforderlich ist, erfolgt die Verarbeitung aufgrund einer Einwilligung nach Artikel 6 Abs. 1 lit. a) i.V.m. Artikel 7 DSGVO.<\/span><\/li>\n<li><span style=\"font-size: 12pt;\">Die Ver\u00f6ffentlichung personenbezogener Daten im Internet oder in lokalen, regionalen oder \u00fcberregionalen Printmedien erfolgt zur Wahrung berechtigter Interessen des Vereins (vgl. Artikel 6 Abs. 1 lit. f) DSGVO). Das berechtigte Interesse des Vereins besteht in der Information der \u00d6ffentlichkeit durch Berichtserstattung \u00fcber die Aktivit\u00e4ten des Vereins. In diesem Rahmen werden personenbezogene Daten einschlie\u00dflich von Bildern der Teilnehmer zum Beispiel im Rahmen der <\/span><span style=\"font-size: 12pt;\">Berichterstattung \u00fcber sportliche Ereignisse des Vereins ver\u00f6ffentlicht.<\/span><\/li>\n<\/ul>\n<p>&nbsp;<\/p>\n<p style=\"text-align: left;\"><span style=\"font-size: 12pt;\">5. Die Empf\u00e4nger oder Kategorien von Empf\u00e4ngern der personenbezogenen Daten:<\/span><\/p>\n<ul style=\"text-align: left;\">\n<li><span style=\"font-size: 12pt;\">Personenbezogene Daten der Mitglieder, die am Spiel- und Wettkampfbetrieb der <\/span><span style=\"font-size: 12pt;\">Landesfachverb\u00e4nde teilnehmen, werden zum Erwerb einer Lizenz, einer Wertungskarte, eines Spielerpasses oder sonstiger Teilnahmeberechtigung an den jeweiligen Landesfachverband weitergegeben.<\/span><\/li>\n<\/ul>\n<ul style=\"text-align: left;\">\n<li><span style=\"font-size: 12pt;\">Die Daten der Bankverbindung der Mitglieder werden zum Zwecke des Beitragseinzugs an das Bankinstitut (Name eingeben) weitergeleitet.<\/span><\/li>\n<\/ul>\n<p>&nbsp;<\/p>\n<p style=\"text-align: left;\"><span style=\"font-size: 12pt;\">6. Die Dauer, f\u00fcr die die personenbezogenen Daten gespeichert werden oder, falls dies nicht m\u00f6glich ist,<br \/>\n<span style=\"color: #ffffff;\">6.<\/span> die Kriterien f\u00fcr die Festlegung der Dauer:<\/span><\/p>\n<ul style=\"text-align: left;\">\n<li><span style=\"font-size: 12pt;\">Die personenbezogenen Daten werden f\u00fcr die Dauer der Mitgliedschaft gespeichert.<br \/>\n<\/span><span style=\"font-size: 12pt;\">Mit Beendigung der Mitgliedschaft werden die Datenkategorien gem\u00e4\u00df den gesetzlichen Aufbewahrungsfristen weitere zehn Jahre vorgehalten und dann gel\u00f6scht. In der Zeit zwischen Beendigung der Mitgliedschaft und der L\u00f6schung wird die Verarbeitung dieser Daten eingeschr\u00e4nkt.<\/span><\/li>\n<\/ul>\n<ul style=\"text-align: left;\">\n<li><span style=\"font-size: 12pt;\">Bestimmte Datenkategorien werden zum Zweck der Vereinschronik im Vereinsarchiv gespeichert. Hierbei handelt es sich um die Kategorien Vorname, Nachname, Zugeh\u00f6rigkeit zu einer Mannschaft, besondere sportliche Erfolge oder Ereignisse, an denen die betroffene Person mitgewirkt hat. Der Speicherung liegt ein berechtigtes Interesse des Vereins an der zeitgeschichtlichen Dokumentation von sportlichen Ereignissen und Erfolgen und der jeweiligen Zusammensetzung der Mannschaften zugrunde.<\/span><\/li>\n<li><span style=\"font-size: 12pt;\">Alle Daten der \u00fcbrigen Kategorien (z.B. Bankdaten, Anschrift, Kontaktdaten) werden mit <\/span><span style=\"font-size: 12pt;\">Beendigung der Mitgliedschaft gel\u00f6scht.<\/span><\/li>\n<\/ul>\n<p>&nbsp;<\/p>\n<p style=\"text-align: left;\"><span style=\"font-size: 12pt;\">7.\u00a0 Der betroffenen Person stehen unter den in den Artikeln jeweils genannten Voraussetzungen die<br \/>\n<span style=\"color: #ffffff;\">7.\u00a0<\/span> nachfolgenden Rechte zu:<\/span><\/p>\n<ul style=\"text-align: left;\">\n<li><span style=\"font-size: 12pt;\">das Recht auf Auskunft nach Artikel 15 DSGVO,<\/span><\/li>\n<li><span style=\"font-size: 12pt;\">das Recht auf Berichtigung nach Artikel 16 DSGVO,<\/span><\/li>\n<li><span style=\"font-size: 12pt;\">das Recht auf L\u00f6schung nach Artikel 17 DSGVO,<\/span><\/li>\n<li><span style=\"font-size: 12pt;\">das Recht auf Einschr\u00e4nkung der Verarbeitung nach Artikel 18 DSGVO,<\/span><\/li>\n<li><span style=\"font-size: 12pt;\">das Recht auf Daten\u00fcbertragbarkeit nach Artikel 20 DSGVO,<\/span><\/li>\n<li><span style=\"font-size: 12pt;\">das Widerspruchsrecht nach Artikel 21 DSGVO,<\/span><\/li>\n<li><span style=\"font-size: 12pt;\">das Recht auf Beschwerde bei einer Aufsichtsbeh\u00f6rde nach Artikel 77 DSGVO<\/span><\/li>\n<li><span style=\"font-size: 12pt;\">das Recht, eine erteilte Einwilligung jederzeit widerrufen zu k\u00f6nnen, ohne dass die <\/span><span style=\"font-size: 12pt;\">Rechtm\u00e4\u00dfigkeit der aufgrund der Einwilligung bis zum Widerruf erfolgten Verarbeitung <\/span><span style=\"font-size: 12pt;\">hierdurch ber\u00fchrt wird.<\/span><\/li>\n<\/ul>\n<p>&nbsp;<\/p>\n<p style=\"text-align: left;\"><span style=\"font-size: 12pt;\">8. Die Quelle, aus der die personenbezogenen Daten stammen:<br \/>\n<span style=\"color: #ffffff;\">8.<\/span> Die personenbezogenen Daten werden grunds\u00e4tzlich im Rahmen des Erwerbs der Mitgliedschaft erhoben.<\/span><\/p>\n<p style=\"text-align: left;\"><span style=\"font-size: 12pt;\">Ende der Informationspflicht<\/span><\/p>\n<p style=\"text-align: left;\"><span style=\"font-size: 8pt;\"><span style=\"color: #112427;\">Quelle: <\/span><span style=\"color: #112427;\">Datenschutz im Sportverein, VIBSS-Infopapier (Stand April 2018), Landessportbund Nordrhein-Westfalen e.V., Friedrich-Alfred-Stra\u00dfe 25, 47055 Duisburg<br \/>\n<\/span><\/span><span style=\"font-size: 8pt;\"><span style=\"color: #112427;\">\u00a9 Landessportbund Nordrhein-Westfalen e.V. \/ April 2018<\/span><\/span><\/p>\n","protected":false},"excerpt":{"rendered":"<p>Informationspflichten nach Artikel 13 und 14 DS-GVO Nach Artikel 13 und 14 EU-DSGVO hat der Verantwortliche einer betroffenen Person, deren Daten er verarbeitet, die in den Artikeln genannten Informationen bereit zu stellen. Dieser Informationspflicht kommt dieses Merkblatt nach. 1. Namen und Kontaktdaten des Verantwortlichen sowie gegebenenfalls seiner Vertreter: &#8212;&#8212;&#8212;&#8212;&#8212;&#8212;&#8212;&#8212;TSG Badenhausen &#8212;&#8212;&#8212;&#8212;&#8212;&#8212;&#8212;&#8212;Unterdorf 12 &#8212;&#8212;&#8212;&#8212;&#8212;&#8212;&#8212;&#8212;37539 Bad Grund [&hellip;]<\/p>\n","protected":false},"author":4,"featured_media":0,"parent":74,"menu_order":0,"comment_status":"closed","ping_status":"closed","template":"","meta":{"_links_to":"","_links_to_target":""},"_links":{"self":[{"href":"https:\/\/tsg-badenhausen.de\/cms\/wp-json\/wp\/v2\/pages\/2985"}],"collection":[{"href":"https:\/\/tsg-badenhausen.de\/cms\/wp-json\/wp\/v2\/pages"}],"about":[{"href":"https:\/\/tsg-badenhausen.de\/cms\/wp-json\/wp\/v2\/types\/page"}],"author":[{"embeddable":true,"href":"https:\/\/tsg-badenhausen.de\/cms\/wp-json\/wp\/v2\/users\/4"}],"replies":[{"embeddable":true,"href":"https:\/\/tsg-badenhausen.de\/cms\/wp-json\/wp\/v2\/comments?post=2985"}],"version-history":[{"count":11,"href":"https:\/\/tsg-badenhausen.de\/cms\/wp-json\/wp\/v2\/pages\/2985\/revisions"}],"predecessor-version":[{"id":2998,"href":"https:\/\/tsg-badenhausen.de\/cms\/wp-json\/wp\/v2\/pages\/2985\/revisions\/2998"}],"up":[{"embeddable":true,"href":"https:\/\/tsg-badenhausen.de\/cms\/wp-json\/wp\/v2\/pages\/74"}],"wp:attachment":[{"href":"https:\/\/tsg-badenhausen.de\/cms\/wp-json\/wp\/v2\/media?parent=2985"}],"curies":[{"name":"wp","href":"https:\/\/api.w.org\/{rel}","templated":true}]}}