{"id":23,"date":"2013-05-27T14:17:53","date_gmt":"2013-05-27T12:17:53","guid":{"rendered":"http:\/\/tsg-badenhausen.de\/?page_id=23"},"modified":"2026-01-11T23:57:51","modified_gmt":"2026-01-11T21:57:51","slug":"gymnastik","status":"publish","type":"page","link":"https:\/\/tsg-badenhausen.de\/cms\/handball\/gymnastik.html","title":{"rendered":"Damengymnastik"},"content":{"rendered":"<p><strong>Montag, 18.00 \u2013 19.00, kleine Turnhalle, \u00dcL: Gudula Haase<\/strong><\/p>\n<p>Damengymnastik: Montagabend um 18.00 Uhr treffen wir uns in der Sporthalle der TSG um eine Stunde lang<br \/>\netwas f\u00fcr ihre Fitness zu tun. Alles kommt mal an die Reihe: Gymnastik mit und ohne Ger\u00e4te, kleine Spiele, Entspannung<br \/>\nund vieles mehr.<br \/>\nAuch au\u00dferhalb der Sportstunde wird einige Male im Jahr etwas unternommen, wie zum Beispiel Fahrradtouren, Tages- beziehungsweise Halbtagesfahrten, Bosseln und Wanderungen.<\/p>\n<p>\u00dcber Neuzug\u00e4nge freuen wir uns immer. Schau doch ganz unverbindlich einmal vorbei.<\/p>\n<p><center><br \/>\n<a href=\"http:\/\/tsg-badenhausen.de\/cms\/wp-content\/uploads\/2013\/05\/Da-Gym_Gruppe.jpg\"><img decoding=\"async\" loading=\"lazy\" class=\"size-full wp-image-261\" src=\"http:\/\/tsg-badenhausen.de\/cms\/wp-content\/uploads\/2013\/05\/Da-Gym_Gruppe.jpg\" alt=\"Damengymnastik Gruppe\" width=\"500\" height=\"333\" srcset=\"https:\/\/tsg-badenhausen.de\/cms\/wp-content\/uploads\/2013\/05\/Da-Gym_Gruppe.jpg 500w, https:\/\/tsg-badenhausen.de\/cms\/wp-content\/uploads\/2013\/05\/Da-Gym_Gruppe-300x199.jpg 300w\" sizes=\"(max-width: 500px) 100vw, 500px\" \/><\/a><\/center><center><\/center><a href=\"http:\/\/tsg-badenhausen.de\/cms\/wp-content\/uploads\/2013\/05\/Da-Gym_1.jpg\"><img decoding=\"async\" loading=\"lazy\" class=\"size-full wp-image-257 aligncenter\" src=\"http:\/\/tsg-badenhausen.de\/cms\/wp-content\/uploads\/2013\/05\/Da-Gym_1.jpg\" alt=\"Damengymnastik Bild 1\" width=\"500\" height=\"333\" srcset=\"https:\/\/tsg-badenhausen.de\/cms\/wp-content\/uploads\/2013\/05\/Da-Gym_1.jpg 500w, https:\/\/tsg-badenhausen.de\/cms\/wp-content\/uploads\/2013\/05\/Da-Gym_1-300x199.jpg 300w\" sizes=\"(max-width: 500px) 100vw, 500px\" \/><\/a><br \/>\n<a href=\"http:\/\/tsg-badenhausen.de\/cms\/wp-content\/uploads\/2013\/05\/Da-Gym_2.jpg\"><img decoding=\"async\" loading=\"lazy\" class=\"size-full wp-image-258 aligncenter\" src=\"http:\/\/tsg-badenhausen.de\/cms\/wp-content\/uploads\/2013\/05\/Da-Gym_2.jpg\" alt=\"Damengymnastik Bild 2\" width=\"500\" height=\"333\" srcset=\"https:\/\/tsg-badenhausen.de\/cms\/wp-content\/uploads\/2013\/05\/Da-Gym_2.jpg 500w, https:\/\/tsg-badenhausen.de\/cms\/wp-content\/uploads\/2013\/05\/Da-Gym_2-300x199.jpg 300w\" sizes=\"(max-width: 500px) 100vw, 500px\" \/><\/a><br \/>\n<a href=\"http:\/\/tsg-badenhausen.de\/cms\/wp-content\/uploads\/2013\/05\/Da-Gym_3.jpg\"><img decoding=\"async\" loading=\"lazy\" class=\"size-full wp-image-259 aligncenter\" src=\"http:\/\/tsg-badenhausen.de\/cms\/wp-content\/uploads\/2013\/05\/Da-Gym_3.jpg\" alt=\"Damengymnastik Bild 3\" width=\"500\" height=\"333\" srcset=\"https:\/\/tsg-badenhausen.de\/cms\/wp-content\/uploads\/2013\/05\/Da-Gym_3.jpg 500w, https:\/\/tsg-badenhausen.de\/cms\/wp-content\/uploads\/2013\/05\/Da-Gym_3-300x199.jpg 300w\" sizes=\"(max-width: 500px) 100vw, 500px\" \/><\/a><br \/>\n<a href=\"http:\/\/tsg-badenhausen.de\/cms\/wp-content\/uploads\/2013\/05\/Da-Gym_4.jpg\"><img decoding=\"async\" loading=\"lazy\" class=\"size-full wp-image-260 aligncenter\" src=\"http:\/\/tsg-badenhausen.de\/cms\/wp-content\/uploads\/2013\/05\/Da-Gym_4.jpg\" alt=\"Damengymnastik Bild 4\" width=\"500\" height=\"333\" srcset=\"https:\/\/tsg-badenhausen.de\/cms\/wp-content\/uploads\/2013\/05\/Da-Gym_4.jpg 500w, https:\/\/tsg-badenhausen.de\/cms\/wp-content\/uploads\/2013\/05\/Da-Gym_4-300x199.jpg 300w\" sizes=\"(max-width: 500px) 100vw, 500px\" \/><\/a><\/p>\n","protected":false},"excerpt":{"rendered":"<p>Montag, 18.00 \u2013 19.00, kleine Turnhalle, \u00dcL: Gudula Haase Damengymnastik: Montagabend um 18.00 Uhr treffen wir uns in der Sporthalle der TSG um eine Stunde lang etwas f\u00fcr ihre Fitness zu tun. Alles kommt mal an die Reihe: Gymnastik mit und ohne Ger\u00e4te, kleine Spiele, Entspannung und vieles mehr. Auch au\u00dferhalb der Sportstunde wird einige [&hellip;]<\/p>\n","protected":false},"author":3,"featured_media":0,"parent":21,"menu_order":0,"comment_status":"closed","ping_status":"open","template":"","meta":{"_links_to":"","_links_to_target":""},"_links":{"self":[{"href":"https:\/\/tsg-badenhausen.de\/cms\/wp-json\/wp\/v2\/pages\/23"}],"collection":[{"href":"https:\/\/tsg-badenhausen.de\/cms\/wp-json\/wp\/v2\/pages"}],"about":[{"href":"https:\/\/tsg-badenhausen.de\/cms\/wp-json\/wp\/v2\/types\/page"}],"author":[{"embeddable":true,"href":"https:\/\/tsg-badenhausen.de\/cms\/wp-json\/wp\/v2\/users\/3"}],"replies":[{"embeddable":true,"href":"https:\/\/tsg-badenhausen.de\/cms\/wp-json\/wp\/v2\/comments?post=23"}],"version-history":[{"count":12,"href":"https:\/\/tsg-badenhausen.de\/cms\/wp-json\/wp\/v2\/pages\/23\/revisions"}],"predecessor-version":[{"id":4762,"href":"https:\/\/tsg-badenhausen.de\/cms\/wp-json\/wp\/v2\/pages\/23\/revisions\/4762"}],"up":[{"embeddable":true,"href":"https:\/\/tsg-badenhausen.de\/cms\/wp-json\/wp\/v2\/pages\/21"}],"wp:attachment":[{"href":"https:\/\/tsg-badenhausen.de\/cms\/wp-json\/wp\/v2\/media?parent=23"}],"curies":[{"name":"wp","href":"https:\/\/api.w.org\/{rel}","templated":true}]}}