{"id":1403,"date":"2014-01-14T17:18:22","date_gmt":"2014-01-14T15:18:22","guid":{"rendered":"http:\/\/tsg-badenhausen.de\/cms\/?page_id=1403"},"modified":"2014-02-04T16:40:46","modified_gmt":"2014-02-04T14:40:46","slug":"allgemein","status":"publish","type":"page","link":"https:\/\/tsg-badenhausen.de\/cms\/vereinschronik\/allgemein.html","title":{"rendered":"Allgemein"},"content":{"rendered":"<p><span style=\"font-size: 18px; font-family: helvetica;\"><strong>Die Anf\u00e4nge<\/strong><\/span><\/p>\n<p>Am 9. Februar 1957 schlug die Geburtsstunde der TSG Badenhausen. Im Gasthaus Hermann Behrens versammelten sich 38 M\u00e4nner und Frauen mit dem Ziel, einen neuen Sportverein zu gr\u00fcnden.<br \/>\nDie \u00fcberwiegende Mehrheit der Anwesenden geh\u00f6rte der Sparte Handball des VfL Badenhausen an. Der VfL betrachtete diese Sparte als Zuschussobjekt und unterst\u00fctzte die Aktiven nur unzureichend. Es drohte sogar eine Aufl\u00f6sung der Sparte Handball. Diese Tatsache und der Ausschluss von Walter Just, Karl Limburg und Dieter Vorwerk auf der einige Wochen zuvor durchgef\u00fchrten Jahreshauptversammlung des VfL lie\u00dfen den Entschluss reifen, einen eigenen Verein ins Leben zu rufen.<br \/>\nDer neue Verein wollte sich in erster Linie dem Handball, Faustball und Federball widmen. Als weitere Sportart wurde das Turnen ins Programm aufgenommen. Schon damals erkannten die Initiatoren den gro\u00dfen Stellenwert der Jugendarbeit und schrieben eine intensive Jugendf\u00f6rderung auf ihre Fahnen.<br \/>\nDennoch gab es zu Anfang auch einige Widerst\u00e4nde zu \u00fcberwinden. So wurde die Frage diskutiert, ob es denn wirklich notwendig sei, zwei Sportvereine in Badenhausen zu haben. Die Bef\u00fcrworter eines neuen Vereins setzten sich schlie\u00dflich durch. Bei der nachfolgenden Abstimmung stimmten von den 38 Anwesenden 31 f\u00fcr die Gr\u00fcndung.<br \/>\nDie Versammlung schlug den damaligen Gemeindedirektor der Gemeinde Badenhausen, Werner Bock, als 1. Vorsitzenden vor. Bock wurde einstimmig gew\u00e4hlt.<br \/>\nDer Vorstand setzte sich aus folgenden Personen zusammen:<br \/>\n1. Vorsitzender:\u00a0\u00a0 Werner Bock<br \/>\n2. Vorsitzender:\u00a0\u00a0 Wilhelm T\u00f6pperwien<br \/>\nSchriftf\u00fchrer: \u00a0 \u00a0\u00a0\u00a0 Heinz Wittenberg<br \/>\nKassenwart: \u00a0 \u00a0 \u00a0 \u00a0 Heinrich Niehus<br \/>\nGer\u00e4tewart: \u00a0 \u00a0 \u00a0 \u00a0 August Erhardt<br \/>\n1. Kassenpr\u00fcfer:\u00a0 Georg Kern<br \/>\n2. Kassenpr\u00fcfer:\u00a0 Helmut Wedemeyer<\/p>\n<p>Blieb noch die Namensgebung. Jochen Niggel schlug den Namen Turn- und Sportgemeinschaft (TSG) vor. Die Vereinsfarben sollten wei\u00df-schwarz sein. Dieser Vorschlag wurde von der Gr\u00fcndungsversammlung angenommen.<\/p>\n<p>Im Jahre 1959 wurde die TSG in das Vereinsregister eingetragen und eine erste Satzung erstellt. Von nun an lautete der offizielle Vereinsname \u00bbTSG v. 1957 Badenhausen\u00ab.<\/p>\n<p><center><\/center><a href=\"http:\/\/tsg-badenhausen.de\/cms\/wp-content\/uploads\/2013\/08\/01_Bau-des-Sportheimes-50er1.jpg\"><img decoding=\"async\" loading=\"lazy\" class=\"size-full wp-image-1086\" alt=\"Bau  des Sportheimes in den 50er\" src=\"http:\/\/tsg-badenhausen.de\/cms\/wp-content\/uploads\/2013\/08\/01_Bau-des-Sportheimes-50er1.jpg\" width=\"500\" height=\"333\" srcset=\"https:\/\/tsg-badenhausen.de\/cms\/wp-content\/uploads\/2013\/08\/01_Bau-des-Sportheimes-50er1.jpg 500w, https:\/\/tsg-badenhausen.de\/cms\/wp-content\/uploads\/2013\/08\/01_Bau-des-Sportheimes-50er1-300x199.jpg 300w\" sizes=\"(max-width: 500px) 100vw, 500px\" \/><\/a><\/p>\n<p>Dass ein weiterer Sportverein in Badenhausen allen Bedenken zum Trotz durchaus \u00fcberlebensf\u00e4hig war, beweisen die Mitgliederzahlen. Bereits im Jahre 1959 geh\u00f6rten 70 Personen der TSG an.<br \/>\nAuch in den folgenden Jahren wuchs die TSG kontinuierlich weiter. 1961 waren es 144, 1962 schon 181 Mitglieder.<\/p>\n<p>Die TSG konnte ihre Mitgliederzahl in den ersten f\u00fcnf Jahren seit ihrer Gr\u00fcndung um fast 500 % steigern. Nat\u00fcrlich gab es auch R\u00fcckschritte zu verkraften. So sank die Mitgliederzahl in den 1960er Jahren wieder, um dann ab Mitte der 70er wieder sprunghaft anzusteigen. Dieser Trend setzte sich auch in den folgenden Jahren fort.<br \/>\nTrotz steigender Mitgliederzahlen und Kontinuit\u00e4t in der Vorstandsarbeit schien die TSG 1970 vor der Aufl\u00f6sung zu stehen. Im Vorstand und in der Jahreshauptversammlung dieses Jahres wurde ernsthaft dar\u00fcber diskutiert, sich wieder mit dem VfL zusammenzuschlie\u00dfen. Im Laufe des Jahres verliefen diese Diskussionen aber im Sande und lebten auch nie wieder auf.<\/p>\n<p><center><\/center><a href=\"http:\/\/tsg-badenhausen.de\/cms\/wp-content\/uploads\/2013\/08\/02_Siegerehrung-Kindersportfest1.jpg\"><img decoding=\"async\" loading=\"lazy\" class=\"size-full wp-image-1087\" alt=\"Kindersportfest Siegerehrung \" src=\"http:\/\/tsg-badenhausen.de\/cms\/wp-content\/uploads\/2013\/08\/02_Siegerehrung-Kindersportfest1.jpg\" width=\"500\" height=\"333\" srcset=\"https:\/\/tsg-badenhausen.de\/cms\/wp-content\/uploads\/2013\/08\/02_Siegerehrung-Kindersportfest1.jpg 500w, https:\/\/tsg-badenhausen.de\/cms\/wp-content\/uploads\/2013\/08\/02_Siegerehrung-Kindersportfest1-300x199.jpg 300w\" sizes=\"(max-width: 500px) 100vw, 500px\" \/><\/a><\/p>\n<p><center><\/center><a href=\"http:\/\/tsg-badenhausen.de\/cms\/wp-content\/uploads\/2013\/08\/04_Erich-Peters-und-Walter-Just-1974-b1.jpg\"><img decoding=\"async\" loading=\"lazy\" class=\"size-full wp-image-1089\" alt=\"Erich Peters und Walter Just\" src=\"http:\/\/tsg-badenhausen.de\/cms\/wp-content\/uploads\/2013\/08\/04_Erich-Peters-und-Walter-Just-1974-b1.jpg\" width=\"500\" height=\"333\" srcset=\"https:\/\/tsg-badenhausen.de\/cms\/wp-content\/uploads\/2013\/08\/04_Erich-Peters-und-Walter-Just-1974-b1.jpg 500w, https:\/\/tsg-badenhausen.de\/cms\/wp-content\/uploads\/2013\/08\/04_Erich-Peters-und-Walter-Just-1974-b1-300x199.jpg 300w\" sizes=\"(max-width: 500px) 100vw, 500px\" \/><\/a><\/p>\n<p><a href=\"http:\/\/tsg-badenhausen.de\/cms\/wp-content\/uploads\/2013\/08\/05_Wandertag-Juni-19751.jpg\"><img decoding=\"async\" loading=\"lazy\" class=\"size-full wp-image-1090\" alt=\"Wandertag im Juni 1975\" src=\"http:\/\/tsg-badenhausen.de\/cms\/wp-content\/uploads\/2013\/08\/05_Wandertag-Juni-19751.jpg\" width=\"500\" height=\"333\" srcset=\"https:\/\/tsg-badenhausen.de\/cms\/wp-content\/uploads\/2013\/08\/05_Wandertag-Juni-19751.jpg 500w, https:\/\/tsg-badenhausen.de\/cms\/wp-content\/uploads\/2013\/08\/05_Wandertag-Juni-19751-300x199.jpg 300w\" sizes=\"(max-width: 500px) 100vw, 500px\" \/><\/a><br \/>\nWerner Bock bekleidete das Amt des 1. Vorsitzenden bis 1971. Auf der Jahreshauptversammlung gab er bekannt, nicht wieder kandidieren zu wollen. Neuer Vorsitzender der TSG wurde Erich Sowa. Ihm zur Seite standen als 2. Vorsitzende Gerda Felbinger und als Kassenwart Walter Just, der dieses Amt bereits seit 1964 aus\u00fcbte und bis 1992 inne hatte. Schriftf\u00fchrer war Hartmut Winkelvo\u00df. Seine Stellvertreterin wurde Brigitte Beulshausen, die dann zwei Jahre sp\u00e4ter Schriftf\u00fchrerin wurde. Brigitte Beulshausen bekleidete dieses Amt bis zum Jahre 2003.<\/p>\n<p>&nbsp;<\/p>\n<p><span style=\"font-size: 18px; font-family: helvetica;\"><strong>Eine neue Satzung<\/strong><\/span><\/p>\n<p>Ein Wendepunkt ergab sich 1974, als man eine neue Satzung erstellte. Aufgrund dieser Satzung wurde die TSG dann in TSG Badenhausen e. V. von 1957 umbenannt.<br \/>\n1977 galt es, ein Jubil\u00e4um zu feiern. In Badenhausen wurde 50 Jahre Handballsport betrieben. Die ehemaligen Spieler aus den 40er und 50er Jahren trafen sich aus diesem Anlass zu einem gem\u00fctlichen Beisammensein.<br \/>\n1986 erlangte die TSG den Status der Gemeinn\u00fctzigkeit. Dies bedeutete, dass man Spenden entgegennehmen durfte. Vor allen Dingen bedeutete es aber weiterhin Steuerfreiheit f\u00fcr Zuschauereinnahmen und Beitr\u00e4ge.<br \/>\nNach 16 Jahren \u00fcbergab Erich Sowa das Amt des 1. Vorsitzenden an Friedrich-Otto Ohm.<\/p>\n<p><center><\/center><a href=\"http:\/\/tsg-badenhausen.de\/cms\/wp-content\/uploads\/2013\/08\/07_Die-ehemalige-Damenmannschaft-19881.jpg\"><img decoding=\"async\" loading=\"lazy\" class=\"size-full wp-image-1092\" alt=\"Ehemalige Damenmannschaft 1981\" src=\"http:\/\/tsg-badenhausen.de\/cms\/wp-content\/uploads\/2013\/08\/07_Die-ehemalige-Damenmannschaft-19881.jpg\" width=\"500\" height=\"333\" srcset=\"https:\/\/tsg-badenhausen.de\/cms\/wp-content\/uploads\/2013\/08\/07_Die-ehemalige-Damenmannschaft-19881.jpg 500w, https:\/\/tsg-badenhausen.de\/cms\/wp-content\/uploads\/2013\/08\/07_Die-ehemalige-Damenmannschaft-19881-300x199.jpg 300w\" sizes=\"(max-width: 500px) 100vw, 500px\" \/><\/a><\/p>\n<p><a href=\"http:\/\/tsg-badenhausen.de\/cms\/wp-content\/uploads\/2013\/08\/08_Ehemalige-Handballer-mit-F-O-Ohm-1988.tif-b1.jpg\"><img decoding=\"async\" loading=\"lazy\" class=\"size-full wp-image-1093\" alt=\"Ehemalige Handballmannschaft 1988\" src=\"http:\/\/tsg-badenhausen.de\/cms\/wp-content\/uploads\/2013\/08\/08_Ehemalige-Handballer-mit-F-O-Ohm-1988.tif-b1.jpg\" width=\"500\" height=\"333\" srcset=\"https:\/\/tsg-badenhausen.de\/cms\/wp-content\/uploads\/2013\/08\/08_Ehemalige-Handballer-mit-F-O-Ohm-1988.tif-b1.jpg 500w, https:\/\/tsg-badenhausen.de\/cms\/wp-content\/uploads\/2013\/08\/08_Ehemalige-Handballer-mit-F-O-Ohm-1988.tif-b1-300x199.jpg 300w\" sizes=\"(max-width: 500px) 100vw, 500px\" \/><\/a><\/p>\n<p><a href=\"http:\/\/tsg-badenhausen.de\/cms\/wp-content\/uploads\/2013\/08\/09_Ehrungen-19911.jpg\"><img decoding=\"async\" loading=\"lazy\" class=\"size-full wp-image-1094\" alt=\"Ehrungen 1991\" src=\"http:\/\/tsg-badenhausen.de\/cms\/wp-content\/uploads\/2013\/08\/09_Ehrungen-19911.jpg\" width=\"500\" height=\"333\" srcset=\"https:\/\/tsg-badenhausen.de\/cms\/wp-content\/uploads\/2013\/08\/09_Ehrungen-19911.jpg 500w, https:\/\/tsg-badenhausen.de\/cms\/wp-content\/uploads\/2013\/08\/09_Ehrungen-19911-300x199.jpg 300w\" sizes=\"(max-width: 500px) 100vw, 500px\" \/><\/a><\/p>\n<p>&nbsp;<\/p>\n<p><span style=\"font-family: helvetica; font-size: 18px;\"><strong>Fahnenweihe<\/strong><\/span><\/p>\n<p>Unter Ohm lebte die Diskussion um die Anschaffung einer Vereinsfahne wieder auf. Klar war, dass die TSG nicht \u00fcber ausreichende Eigenmittel verf\u00fcgte. Der Vorstand fand schlie\u00dflich in den Gr\u00fcndungsmitgliedern Dieter Vorwerk und Albert Wittenberg zwei Sponsoren, die den gr\u00f6\u00dften Teil der Kosten f\u00fcr diese Fahne \u00fcbernahmen.<br \/>\nSo konnte am 07.03.1992 im Rahmen des Kreis-Turntages in der Aula der Schule am Johannisborn die neue Vereinsfahne feierlich eingeweiht und \u00fcbergeben werden.<\/p>\n<p><center><\/center><a href=\"http:\/\/tsg-badenhausen.de\/cms\/wp-content\/uploads\/2013\/08\/11_Fahnenweihe-19921.jpg\"><img decoding=\"async\" loading=\"lazy\" class=\"size-full wp-image-1097\" alt=\"Fahnenweihe 1992\" src=\"http:\/\/tsg-badenhausen.de\/cms\/wp-content\/uploads\/2013\/08\/11_Fahnenweihe-19921.jpg\" width=\"500\" height=\"333\" srcset=\"https:\/\/tsg-badenhausen.de\/cms\/wp-content\/uploads\/2013\/08\/11_Fahnenweihe-19921.jpg 500w, https:\/\/tsg-badenhausen.de\/cms\/wp-content\/uploads\/2013\/08\/11_Fahnenweihe-19921-300x199.jpg 300w\" sizes=\"(max-width: 500px) 100vw, 500px\" \/><\/a><br \/>\nIm Jahr darauf trat Ohm den Vorsitz an Bernd P\u00fcllmann ab. Ihm zur Seite stehen als 2. Vorsitzende Annelie Bock und Friedhelm Mai. Neuer Kassenwart wurde Fred Klenner. Die Versammlung be\u00adschloss, F. O. Ohm zum Ehrenvorsitzenden zu ernennen. Der langj\u00e4hrige Kassenwart Walter Just wurde zum Ehrenmitglied ernannt.<br \/>\nIn den Jahren 1993 bis 1996 gelang es dem Vorstand, die Mitgliederzahl der TSG Badenhausen von 383 auf 490 zu steigern.<\/p>\n<p>Mit dem Jahr 2000 kam eine neue Herausforderung auf die TSG zu. Das bisherige Sportlehrermodell lief aus und musste neu definiert werden. Die TSG teilt sich mit den Vereinen TG LaPeKa, MTV Bad Grund, FC Windhausen, MTV Gittelde und TSC Eisdorf einen Sportlehrer. Dieser wird durch die Vereine und die Kommunen finanziert. So konnte f\u00fcr die Zukunft der Breitensport im Bereich Kinderturnen und Seniorensport gesichert werden.<\/p>\n<p>&nbsp;<\/p>\n<p><span style=\"font-size: 18px; font-family: helvetica;\"><strong>Sparten und Sportgruppen<\/strong><\/span><\/p>\n<p>Es blieb auch nicht bei den in der Gr\u00fcndungsversammlung genannten Sparten. So war dem Faustball kein Erfolg beschieden. Das gleiche Schicksal ereilte das M\u00e4nnerturnen. Anfang der 70er Jahre kam es vollkommen zum Erliegen. Sogar eine Jugendfu\u00dfballmannschaft existierte zu Beginn der 60er Jahre f\u00fcr kurze Zeit.<br \/>\nErfolge hatte in den Jahren nach der Gr\u00fcndung der TSG die Leichtathletikabteilung zu verzeichnen. So belegten Eckhard Beichler und Edmund Rackow vordere Pl\u00e4tze \u00fcber die Mittelstrecken 800, 1000 und 1500 Meter.<br \/>\nDie Bestenlisten des Kreises Gandersheim f\u00fchrten immer auch Wettk\u00e4mpfer der TSG an.<br \/>\nBedingt durch mangelnde Trainingsm\u00f6glichkeit kam der Wettkampf schlie\u00dflich zum Erliegen. Friedrich-Otto Ohm versuchte in den 80er Jahren, die Leichtathletik wieder zu etablieren. Leider war dieses Unterfangen nicht von Erfolg gekr\u00f6nt.<\/p>\n<p><a href=\"http:\/\/tsg-badenhausen.de\/cms\/wp-content\/uploads\/2013\/08\/12_wandertag-20061.jpg\"><img decoding=\"async\" loading=\"lazy\" class=\"size-full wp-image-1098\" alt=\"Wandertag 2006 Bild 1\" src=\"http:\/\/tsg-badenhausen.de\/cms\/wp-content\/uploads\/2013\/08\/12_wandertag-20061.jpg\" width=\"500\" height=\"333\" srcset=\"https:\/\/tsg-badenhausen.de\/cms\/wp-content\/uploads\/2013\/08\/12_wandertag-20061.jpg 500w, https:\/\/tsg-badenhausen.de\/cms\/wp-content\/uploads\/2013\/08\/12_wandertag-20061-300x199.jpg 300w\" sizes=\"(max-width: 500px) 100vw, 500px\" \/><\/a><\/p>\n<p><a href=\"http:\/\/tsg-badenhausen.de\/cms\/wp-content\/uploads\/2013\/08\/13_wandertag-2006_21.jpg\"><img decoding=\"async\" loading=\"lazy\" class=\"size-full wp-image-1099\" alt=\"Wandertag 2006 Bild 2\" src=\"http:\/\/tsg-badenhausen.de\/cms\/wp-content\/uploads\/2013\/08\/13_wandertag-2006_21.jpg\" width=\"500\" height=\"333\" srcset=\"https:\/\/tsg-badenhausen.de\/cms\/wp-content\/uploads\/2013\/08\/13_wandertag-2006_21.jpg 500w, https:\/\/tsg-badenhausen.de\/cms\/wp-content\/uploads\/2013\/08\/13_wandertag-2006_21-300x199.jpg 300w\" sizes=\"(max-width: 500px) 100vw, 500px\" \/><\/a><\/p>\n<p><a href=\"http:\/\/tsg-badenhausen.de\/cms\/wp-content\/uploads\/2013\/08\/14_wandertag-20061.jpg\"><img decoding=\"async\" loading=\"lazy\" class=\"size-full wp-image-1100\" alt=\"Wandertag 2006 Bild 3\" src=\"http:\/\/tsg-badenhausen.de\/cms\/wp-content\/uploads\/2013\/08\/14_wandertag-20061.jpg\" width=\"500\" height=\"333\" srcset=\"https:\/\/tsg-badenhausen.de\/cms\/wp-content\/uploads\/2013\/08\/14_wandertag-20061.jpg 500w, https:\/\/tsg-badenhausen.de\/cms\/wp-content\/uploads\/2013\/08\/14_wandertag-20061-300x199.jpg 300w\" sizes=\"(max-width: 500px) 100vw, 500px\" \/><\/a><\/p>\n","protected":false},"excerpt":{"rendered":"<p>Die Anf\u00e4nge Am 9. Februar 1957 schlug die Geburtsstunde der TSG Badenhausen. Im Gasthaus Hermann Behrens versammelten sich 38 M\u00e4nner und Frauen mit dem Ziel, einen neuen Sportverein zu gr\u00fcnden. Die \u00fcberwiegende Mehrheit der Anwesenden geh\u00f6rte der Sparte Handball des VfL Badenhausen an. Der VfL betrachtete diese Sparte als Zuschussobjekt und unterst\u00fctzte die Aktiven nur [&hellip;]<\/p>\n","protected":false},"author":1,"featured_media":0,"parent":76,"menu_order":0,"comment_status":"closed","ping_status":"open","template":"","meta":{"_links_to":"","_links_to_target":""},"_links":{"self":[{"href":"https:\/\/tsg-badenhausen.de\/cms\/wp-json\/wp\/v2\/pages\/1403"}],"collection":[{"href":"https:\/\/tsg-badenhausen.de\/cms\/wp-json\/wp\/v2\/pages"}],"about":[{"href":"https:\/\/tsg-badenhausen.de\/cms\/wp-json\/wp\/v2\/types\/page"}],"author":[{"embeddable":true,"href":"https:\/\/tsg-badenhausen.de\/cms\/wp-json\/wp\/v2\/users\/1"}],"replies":[{"embeddable":true,"href":"https:\/\/tsg-badenhausen.de\/cms\/wp-json\/wp\/v2\/comments?post=1403"}],"version-history":[{"count":7,"href":"https:\/\/tsg-badenhausen.de\/cms\/wp-json\/wp\/v2\/pages\/1403\/revisions"}],"predecessor-version":[{"id":1595,"href":"https:\/\/tsg-badenhausen.de\/cms\/wp-json\/wp\/v2\/pages\/1403\/revisions\/1595"}],"up":[{"embeddable":true,"href":"https:\/\/tsg-badenhausen.de\/cms\/wp-json\/wp\/v2\/pages\/76"}],"wp:attachment":[{"href":"https:\/\/tsg-badenhausen.de\/cms\/wp-json\/wp\/v2\/media?parent=1403"}],"curies":[{"name":"wp","href":"https:\/\/api.w.org\/{rel}","templated":true}]}}