{"id":120,"date":"2013-08-08T12:24:40","date_gmt":"2013-08-08T10:24:40","guid":{"rendered":"http:\/\/tsg-badenhausen.de\/?page_id=120"},"modified":"2023-07-26T00:06:36","modified_gmt":"2023-07-25T22:06:36","slug":"vorstand","status":"publish","type":"page","link":"https:\/\/tsg-badenhausen.de\/cms\/vereinsdaten\/vorstand.html","title":{"rendered":"Vorstand"},"content":{"rendered":"<p>&gt;<\/p>\n<table style=\"width: 384px; height: 520px;\">\n<tbody>\n<tr>\n<td style=\"text-align: left;\"><strong>1. Vorsitzender:<br \/>\n2. Vorsitzende:<\/strong><\/td>\n<td>Bernd P\u00fcllmann<br \/>\nNicole Schwiers<\/td>\n<\/tr>\n<tr>\n<td style=\"text-align: left;\"><strong>Kassenwart:<br \/>\nStellvertreterin: <\/strong><\/td>\n<td>Cornelia Penezis (komm.)<br \/>\n&#8212;-<\/td>\n<\/tr>\n<tr>\n<td><strong>Schriftf\u00fchrerin:<br \/>\nStellvertreterin: <\/strong><\/td>\n<td>Karin Haase<br \/>\nClaudia Hauck<\/td>\n<\/tr>\n<tr>\n<td><strong>Frauenwartin:<br \/>\nStellvertreterin:<\/strong><\/td>\n<td>Gudula Haase<br \/>\nAnke Keune<\/td>\n<\/tr>\n<tr>\n<td><strong>Jugendwartin:<br \/>\nStellvertreterin:<\/strong><\/td>\n<td>&#8212;-<br \/>\n&#8212;-<\/td>\n<\/tr>\n<tr>\n<td><strong>Pressewart:<br \/>\nWanderwart:<br \/>\nF\u00e4hnrich:<\/strong><\/td>\n<td>Bernd P\u00fcllmann<br \/>\n&#8212;-<br \/>\nAngela Winkelvo\u00df<\/td>\n<\/tr>\n<\/tbody>\n<\/table>\n<p>&nbsp;<\/p>\n","protected":false},"excerpt":{"rendered":"<p>&gt; 1. Vorsitzender: 2. Vorsitzende: Bernd P\u00fcllmann Nicole Schwiers Kassenwart: Stellvertreterin: Cornelia Penezis (komm.) &#8212;- Schriftf\u00fchrerin: Stellvertreterin: Karin Haase Claudia Hauck Frauenwartin: Stellvertreterin: Gudula Haase Anke Keune Jugendwartin: Stellvertreterin: &#8212;- &#8212;- Pressewart: Wanderwart: F\u00e4hnrich: Bernd P\u00fcllmann &#8212;- Angela Winkelvo\u00df &nbsp;<\/p>\n","protected":false},"author":3,"featured_media":0,"parent":74,"menu_order":0,"comment_status":"closed","ping_status":"open","template":"","meta":{"_links_to":"","_links_to_target":""},"_links":{"self":[{"href":"https:\/\/tsg-badenhausen.de\/cms\/wp-json\/wp\/v2\/pages\/120"}],"collection":[{"href":"https:\/\/tsg-badenhausen.de\/cms\/wp-json\/wp\/v2\/pages"}],"about":[{"href":"https:\/\/tsg-badenhausen.de\/cms\/wp-json\/wp\/v2\/types\/page"}],"author":[{"embeddable":true,"href":"https:\/\/tsg-badenhausen.de\/cms\/wp-json\/wp\/v2\/users\/3"}],"replies":[{"embeddable":true,"href":"https:\/\/tsg-badenhausen.de\/cms\/wp-json\/wp\/v2\/comments?post=120"}],"version-history":[{"count":39,"href":"https:\/\/tsg-badenhausen.de\/cms\/wp-json\/wp\/v2\/pages\/120\/revisions"}],"predecessor-version":[{"id":4273,"href":"https:\/\/tsg-badenhausen.de\/cms\/wp-json\/wp\/v2\/pages\/120\/revisions\/4273"}],"up":[{"embeddable":true,"href":"https:\/\/tsg-badenhausen.de\/cms\/wp-json\/wp\/v2\/pages\/74"}],"wp:attachment":[{"href":"https:\/\/tsg-badenhausen.de\/cms\/wp-json\/wp\/v2\/media?parent=120"}],"curies":[{"name":"wp","href":"https:\/\/api.w.org\/{rel}","templated":true}]}}