{"id":116,"date":"2013-08-08T12:23:46","date_gmt":"2013-08-08T10:23:46","guid":{"rendered":"http:\/\/tsg-badenhausen.de\/?page_id=116"},"modified":"2015-12-13T16:32:14","modified_gmt":"2015-12-13T14:32:14","slug":"finanzordnung","status":"publish","type":"page","link":"https:\/\/tsg-badenhausen.de\/cms\/vereinsdaten\/finanzordnung.html","title":{"rendered":"Finanzordnung"},"content":{"rendered":"<p><span style=\"font-size: 18px;\"><strong>Finanzordnung der TSG Badenhausen<\/strong><\/span><br \/>\n<strong>\u00a7 1<\/strong>\u00a0\u00a0 <strong>Beitr\u00e4ge<\/strong><\/p>\n<p style=\"padding-left: 35px;\">Erwachsene \u00a0 \u00a0 \u00a0 \u00a0 \u00a0 \u00a0 \u00a0 \u00a0 \u00a0 \u00a0\u00a0 4 Euro monatlich<br \/>\nJugendliche (15-17 J.) \u00a0 \u00a0\u00a0 3 Euro monatlich<br \/>\nKinder \u00a0 \u00a0 \u00a0 \u00a0 \u00a0 \u00a0 \u00a0 \u00a0 \u00a0 \u00a0 \u00a0 \u00a0 \u00a0 \u00a0\u00a0\u00a0 2 Euro monatlich<\/p>\n<p>&nbsp;<\/p>\n<p><strong>\u00a7 2 \u00a0<\/strong> <strong>Beitragsf\u00e4lligkeiten<\/strong><\/p>\n<p style=\"padding-left: 35px;\">Der Jahresbeitrag ist bis zum 30.09. des laufenden Jahres zu entrichten. Neumitgliedern wird der anteilige Jahresbeitrag bis zum Ende des ersten Monats nach Beginn der Mitgliedschaft eingezogen.<\/p>\n<p>&nbsp;<\/p>\n<p><strong>\u00a7 3\u00a0\u00a0 Beitragsminderungen und Beitragsausnahmen<\/strong><\/p>\n<p style=\"padding-left: 35px;\">a) Sch\u00fcler und Studenten nach Vollendung des 18. Lebensjahres zahlen auf Antrag und Vorlage einer entsprechenden Bescheinigung den Beitrag f\u00fcr Jugendliche.<br \/>\nb) Kinder bis zu drei Jahren von denen ein Elternteil Vereinsmitglied ist, sind von der Beitragspflicht befreit. Jedes dritte und weitere Kind ist von der Beitragspflicht befreit, solange das \u00e4lteste Kind das 18. Lebensjahr nicht vollendet hat<\/p>\n<p>&nbsp;<\/p>\n<p><strong>\u00a7 4\u00a0\u00a0 Aufwandsentsch\u00e4digung f\u00fcr ehrenamtlich t\u00e4tige Vereinsmitglieder<\/strong><\/p>\n<p style=\"padding-left: 35px;\">F\u00fcr die Reinigung und Wartung der kleinen Turnhalle wird eine angemessene Aufwandsentsch\u00e4digung gezahlt.<\/p>\n","protected":false},"excerpt":{"rendered":"<p>Finanzordnung der TSG Badenhausen \u00a7 1\u00a0\u00a0 Beitr\u00e4ge Erwachsene \u00a0 \u00a0 \u00a0 \u00a0 \u00a0 \u00a0 \u00a0 \u00a0 \u00a0 \u00a0\u00a0 4 Euro monatlich Jugendliche (15-17 J.) \u00a0 \u00a0\u00a0 3 Euro monatlich Kinder \u00a0 \u00a0 \u00a0 \u00a0 \u00a0 \u00a0 \u00a0 \u00a0 \u00a0 \u00a0 \u00a0 \u00a0 \u00a0 \u00a0\u00a0\u00a0 2 Euro monatlich &nbsp; \u00a7 2 \u00a0 Beitragsf\u00e4lligkeiten Der Jahresbeitrag ist [&hellip;]<\/p>\n","protected":false},"author":3,"featured_media":0,"parent":74,"menu_order":0,"comment_status":"closed","ping_status":"open","template":"","meta":{"_links_to":"","_links_to_target":""},"_links":{"self":[{"href":"https:\/\/tsg-badenhausen.de\/cms\/wp-json\/wp\/v2\/pages\/116"}],"collection":[{"href":"https:\/\/tsg-badenhausen.de\/cms\/wp-json\/wp\/v2\/pages"}],"about":[{"href":"https:\/\/tsg-badenhausen.de\/cms\/wp-json\/wp\/v2\/types\/page"}],"author":[{"embeddable":true,"href":"https:\/\/tsg-badenhausen.de\/cms\/wp-json\/wp\/v2\/users\/3"}],"replies":[{"embeddable":true,"href":"https:\/\/tsg-badenhausen.de\/cms\/wp-json\/wp\/v2\/comments?post=116"}],"version-history":[{"count":39,"href":"https:\/\/tsg-badenhausen.de\/cms\/wp-json\/wp\/v2\/pages\/116\/revisions"}],"predecessor-version":[{"id":2396,"href":"https:\/\/tsg-badenhausen.de\/cms\/wp-json\/wp\/v2\/pages\/116\/revisions\/2396"}],"up":[{"embeddable":true,"href":"https:\/\/tsg-badenhausen.de\/cms\/wp-json\/wp\/v2\/pages\/74"}],"wp:attachment":[{"href":"https:\/\/tsg-badenhausen.de\/cms\/wp-json\/wp\/v2\/media?parent=116"}],"curies":[{"name":"wp","href":"https:\/\/api.w.org\/{rel}","templated":true}]}}