{"id":110,"date":"2013-08-08T12:22:27","date_gmt":"2013-08-08T10:22:27","guid":{"rendered":"http:\/\/tsg-badenhausen.de\/?page_id=110"},"modified":"2024-10-30T00:53:40","modified_gmt":"2024-10-29T22:53:40","slug":"yoga","status":"publish","type":"page","link":"https:\/\/tsg-badenhausen.de\/cms\/handball\/yoga.html","title":{"rendered":"Yoga"},"content":{"rendered":"<p><strong>Donnerstag, 19.00 \u2013 20.30 Uhr, kleine Turnhalle, \u00dcL: Annika Bruns<br \/>\n<\/strong><\/p>\n<p>Die TSG Badenhausen bietet mittlerweile regelm\u00e4\u00dfig Yoga-Kurse mit der lizenzierten Yoga-Lehrerin Annika Bruns an. Yoga ist ein \u00dcbungssystem zur St\u00e4rkung von Geist, Seele und K\u00f6rper. Es wirkt harmonisierend auf allen Ebenen unseres Seins und ist das weltweit am besten erforschte Naturheilverfahren. So hilft es schnell und nachhaltig bei R\u00fcckenschmerzen, Schlafst\u00f6rungen, Stresserscheinungen und Blutdruckproblemen.<\/p>\n<p>Interessiert! Dann melde dich zu einen unserer neuen Kurse an.<\/p>\n<p><center><\/center><a href=\"http:\/\/tsg-badenhausen.de\/cms\/wp-content\/uploads\/2013\/08\/Yoga_Gruppe.jpg\"><img decoding=\"async\" loading=\"lazy\" class=\"size-full wp-image-383\" src=\"http:\/\/tsg-badenhausen.de\/cms\/wp-content\/uploads\/2013\/08\/Yoga_Gruppe.jpg\" alt=\"Yoga Gruppe\" width=\"500\" height=\"334\" srcset=\"https:\/\/tsg-badenhausen.de\/cms\/wp-content\/uploads\/2013\/08\/Yoga_Gruppe.jpg 500w, https:\/\/tsg-badenhausen.de\/cms\/wp-content\/uploads\/2013\/08\/Yoga_Gruppe-300x200.jpg 300w\" sizes=\"(max-width: 500px) 100vw, 500px\" \/><\/a><\/p>\n<p><a href=\"http:\/\/tsg-badenhausen.de\/cms\/wp-content\/uploads\/2013\/08\/Yoga_1.jpg\"><img decoding=\"async\" loading=\"lazy\" class=\"size-full wp-image-378\" src=\"http:\/\/tsg-badenhausen.de\/cms\/wp-content\/uploads\/2013\/08\/Yoga_1.jpg\" alt=\"Yoga Bild 1\" width=\"500\" height=\"334\" srcset=\"https:\/\/tsg-badenhausen.de\/cms\/wp-content\/uploads\/2013\/08\/Yoga_1.jpg 500w, https:\/\/tsg-badenhausen.de\/cms\/wp-content\/uploads\/2013\/08\/Yoga_1-300x200.jpg 300w\" sizes=\"(max-width: 500px) 100vw, 500px\" \/><\/a><\/p>\n<p><a href=\"http:\/\/tsg-badenhausen.de\/cms\/wp-content\/uploads\/2013\/08\/Yoga_2.jpg\"><img decoding=\"async\" loading=\"lazy\" class=\"size-full wp-image-379\" src=\"http:\/\/tsg-badenhausen.de\/cms\/wp-content\/uploads\/2013\/08\/Yoga_2.jpg\" alt=\"Yoga Bild 2\" width=\"500\" height=\"333\" srcset=\"https:\/\/tsg-badenhausen.de\/cms\/wp-content\/uploads\/2013\/08\/Yoga_2.jpg 500w, https:\/\/tsg-badenhausen.de\/cms\/wp-content\/uploads\/2013\/08\/Yoga_2-300x199.jpg 300w\" sizes=\"(max-width: 500px) 100vw, 500px\" \/><\/a><\/p>\n<p><a href=\"http:\/\/tsg-badenhausen.de\/cms\/wp-content\/uploads\/2013\/08\/Yoga_3.jpg\"><img decoding=\"async\" loading=\"lazy\" class=\"size-full wp-image-380\" src=\"http:\/\/tsg-badenhausen.de\/cms\/wp-content\/uploads\/2013\/08\/Yoga_3.jpg\" alt=\"Yoga Bild 3\" width=\"500\" height=\"333\" srcset=\"https:\/\/tsg-badenhausen.de\/cms\/wp-content\/uploads\/2013\/08\/Yoga_3.jpg 500w, https:\/\/tsg-badenhausen.de\/cms\/wp-content\/uploads\/2013\/08\/Yoga_3-300x199.jpg 300w\" sizes=\"(max-width: 500px) 100vw, 500px\" \/><\/a><\/p>\n<p><a href=\"http:\/\/tsg-badenhausen.de\/cms\/wp-content\/uploads\/2013\/08\/Yoga_4.jpg\"><img decoding=\"async\" loading=\"lazy\" class=\"size-full wp-image-382\" src=\"http:\/\/tsg-badenhausen.de\/cms\/wp-content\/uploads\/2013\/08\/Yoga_4.jpg\" alt=\"Yoga Bild 4\" width=\"500\" height=\"334\" srcset=\"https:\/\/tsg-badenhausen.de\/cms\/wp-content\/uploads\/2013\/08\/Yoga_4.jpg 500w, https:\/\/tsg-badenhausen.de\/cms\/wp-content\/uploads\/2013\/08\/Yoga_4-300x200.jpg 300w\" sizes=\"(max-width: 500px) 100vw, 500px\" \/><\/a><\/p>\n","protected":false},"excerpt":{"rendered":"<p>Donnerstag, 19.00 \u2013 20.30 Uhr, kleine Turnhalle, \u00dcL: Annika Bruns Die TSG Badenhausen bietet mittlerweile regelm\u00e4\u00dfig Yoga-Kurse mit der lizenzierten Yoga-Lehrerin Annika Bruns an. Yoga ist ein \u00dcbungssystem zur St\u00e4rkung von Geist, Seele und K\u00f6rper. Es wirkt harmonisierend auf allen Ebenen unseres Seins und ist das weltweit am besten erforschte Naturheilverfahren. So hilft es schnell [&hellip;]<\/p>\n","protected":false},"author":3,"featured_media":0,"parent":21,"menu_order":0,"comment_status":"closed","ping_status":"open","template":"","meta":{"_links_to":"","_links_to_target":""},"_links":{"self":[{"href":"https:\/\/tsg-badenhausen.de\/cms\/wp-json\/wp\/v2\/pages\/110"}],"collection":[{"href":"https:\/\/tsg-badenhausen.de\/cms\/wp-json\/wp\/v2\/pages"}],"about":[{"href":"https:\/\/tsg-badenhausen.de\/cms\/wp-json\/wp\/v2\/types\/page"}],"author":[{"embeddable":true,"href":"https:\/\/tsg-badenhausen.de\/cms\/wp-json\/wp\/v2\/users\/3"}],"replies":[{"embeddable":true,"href":"https:\/\/tsg-badenhausen.de\/cms\/wp-json\/wp\/v2\/comments?post=110"}],"version-history":[{"count":11,"href":"https:\/\/tsg-badenhausen.de\/cms\/wp-json\/wp\/v2\/pages\/110\/revisions"}],"predecessor-version":[{"id":4623,"href":"https:\/\/tsg-badenhausen.de\/cms\/wp-json\/wp\/v2\/pages\/110\/revisions\/4623"}],"up":[{"embeddable":true,"href":"https:\/\/tsg-badenhausen.de\/cms\/wp-json\/wp\/v2\/pages\/21"}],"wp:attachment":[{"href":"https:\/\/tsg-badenhausen.de\/cms\/wp-json\/wp\/v2\/media?parent=110"}],"curies":[{"name":"wp","href":"https:\/\/api.w.org\/{rel}","templated":true}]}}