{"id":108,"date":"2013-08-08T12:22:13","date_gmt":"2013-08-08T10:22:13","guid":{"rendered":"http:\/\/tsg-badenhausen.de\/?page_id=108"},"modified":"2014-01-05T00:48:26","modified_gmt":"2014-01-04T22:48:26","slug":"wirbelsaeulen-gymnastik","status":"publish","type":"page","link":"https:\/\/tsg-badenhausen.de\/cms\/handball\/wirbelsaeulen-gymnastik.html","title":{"rendered":"Wirbels\u00e4ulen-Gymnastik"},"content":{"rendered":"<p><strong>Mittwoch, 20.15 \u2013 21.15 Uhr, kleine Turnhalle, \u00dcL: Werner Bohnen<\/strong><\/p>\n<p>Um ihrem R\u00fccken etwas Entlastung zu g\u00f6nnen, lassen sich Frauen und M\u00e4nner unterschiedlichen Alters<br \/>\nvon Werner Bohnen &#8222;qu\u00e4len&#8220;. Mit Thera-B\u00e4ndern, Pezzi-B\u00e4llen und auf Gymnastikmatten wird hier die<br \/>\nWirbels\u00e4ule wieder fit gemacht. Mit viel Spa\u00df und Elan wird auch bei anstrengenden \u00dcbungen oft gelacht.<\/p>\n<p>&nbsp;<\/p>\n<p><a href=\"http:\/\/tsg-badenhausen.de\/cms\/wp-content\/uploads\/2013\/08\/Wirbel_Gruppe.jpg\"><img decoding=\"async\" loading=\"lazy\" class=\"size-full wp-image-375\" alt=\"Wirbels\u00e4ulen Gymnastik Gruppe\" src=\"http:\/\/tsg-badenhausen.de\/cms\/wp-content\/uploads\/2013\/08\/Wirbel_Gruppe.jpg\" width=\"500\" height=\"333\" srcset=\"https:\/\/tsg-badenhausen.de\/cms\/wp-content\/uploads\/2013\/08\/Wirbel_Gruppe.jpg 500w, https:\/\/tsg-badenhausen.de\/cms\/wp-content\/uploads\/2013\/08\/Wirbel_Gruppe-300x199.jpg 300w\" sizes=\"(max-width: 500px) 100vw, 500px\" \/><\/a><\/p>\n<p><a href=\"http:\/\/tsg-badenhausen.de\/cms\/wp-content\/uploads\/2013\/08\/Wirbel_1.jpg\"><img decoding=\"async\" loading=\"lazy\" class=\"size-full wp-image-370\" alt=\"Wirbels\u00e4ulen Gymnastik Bild 1\" src=\"http:\/\/tsg-badenhausen.de\/cms\/wp-content\/uploads\/2013\/08\/Wirbel_1.jpg\" width=\"500\" height=\"333\" srcset=\"https:\/\/tsg-badenhausen.de\/cms\/wp-content\/uploads\/2013\/08\/Wirbel_1.jpg 500w, https:\/\/tsg-badenhausen.de\/cms\/wp-content\/uploads\/2013\/08\/Wirbel_1-300x199.jpg 300w\" sizes=\"(max-width: 500px) 100vw, 500px\" \/><\/a><\/p>\n<p><a href=\"http:\/\/tsg-badenhausen.de\/cms\/wp-content\/uploads\/2013\/08\/Wirbel_2.jpg\"><img decoding=\"async\" loading=\"lazy\" class=\"size-full wp-image-372\" alt=\"Wirbels\u00e4ulen Gymnastik Bild 2\" src=\"http:\/\/tsg-badenhausen.de\/cms\/wp-content\/uploads\/2013\/08\/Wirbel_2.jpg\" width=\"500\" height=\"334\" srcset=\"https:\/\/tsg-badenhausen.de\/cms\/wp-content\/uploads\/2013\/08\/Wirbel_2.jpg 500w, https:\/\/tsg-badenhausen.de\/cms\/wp-content\/uploads\/2013\/08\/Wirbel_2-300x200.jpg 300w\" sizes=\"(max-width: 500px) 100vw, 500px\" \/><\/a><\/p>\n<p><a href=\"http:\/\/tsg-badenhausen.de\/cms\/wp-content\/uploads\/2013\/08\/Wirbel_3.jpg\"><img decoding=\"async\" loading=\"lazy\" class=\"size-full wp-image-373\" alt=\"Wirbels\u00e4ulen Gymnastik Bild 3\" src=\"http:\/\/tsg-badenhausen.de\/cms\/wp-content\/uploads\/2013\/08\/Wirbel_3.jpg\" width=\"500\" height=\"333\" srcset=\"https:\/\/tsg-badenhausen.de\/cms\/wp-content\/uploads\/2013\/08\/Wirbel_3.jpg 500w, https:\/\/tsg-badenhausen.de\/cms\/wp-content\/uploads\/2013\/08\/Wirbel_3-300x199.jpg 300w\" sizes=\"(max-width: 500px) 100vw, 500px\" \/><\/a><\/p>\n<p><a href=\"http:\/\/tsg-badenhausen.de\/cms\/wp-content\/uploads\/2013\/08\/Wirbel_4.jpg\"><img decoding=\"async\" loading=\"lazy\" class=\"size-full wp-image-374\" alt=\"Wirbels\u00e4ulen Gymnastik Bild 4\" src=\"http:\/\/tsg-badenhausen.de\/cms\/wp-content\/uploads\/2013\/08\/Wirbel_4.jpg\" width=\"500\" height=\"334\" srcset=\"https:\/\/tsg-badenhausen.de\/cms\/wp-content\/uploads\/2013\/08\/Wirbel_4.jpg 500w, https:\/\/tsg-badenhausen.de\/cms\/wp-content\/uploads\/2013\/08\/Wirbel_4-300x200.jpg 300w\" sizes=\"(max-width: 500px) 100vw, 500px\" \/><\/a><\/p>\n","protected":false},"excerpt":{"rendered":"<p>Mittwoch, 20.15 \u2013 21.15 Uhr, kleine Turnhalle, \u00dcL: Werner Bohnen Um ihrem R\u00fccken etwas Entlastung zu g\u00f6nnen, lassen sich Frauen und M\u00e4nner unterschiedlichen Alters von Werner Bohnen &#8222;qu\u00e4len&#8220;. Mit Thera-B\u00e4ndern, Pezzi-B\u00e4llen und auf Gymnastikmatten wird hier die Wirbels\u00e4ule wieder fit gemacht. Mit viel Spa\u00df und Elan wird auch bei anstrengenden \u00dcbungen oft gelacht. &nbsp;<\/p>\n","protected":false},"author":3,"featured_media":0,"parent":21,"menu_order":0,"comment_status":"closed","ping_status":"open","template":"","meta":{"_links_to":"","_links_to_target":""},"_links":{"self":[{"href":"https:\/\/tsg-badenhausen.de\/cms\/wp-json\/wp\/v2\/pages\/108"}],"collection":[{"href":"https:\/\/tsg-badenhausen.de\/cms\/wp-json\/wp\/v2\/pages"}],"about":[{"href":"https:\/\/tsg-badenhausen.de\/cms\/wp-json\/wp\/v2\/types\/page"}],"author":[{"embeddable":true,"href":"https:\/\/tsg-badenhausen.de\/cms\/wp-json\/wp\/v2\/users\/3"}],"replies":[{"embeddable":true,"href":"https:\/\/tsg-badenhausen.de\/cms\/wp-json\/wp\/v2\/comments?post=108"}],"version-history":[{"count":10,"href":"https:\/\/tsg-badenhausen.de\/cms\/wp-json\/wp\/v2\/pages\/108\/revisions"}],"predecessor-version":[{"id":1304,"href":"https:\/\/tsg-badenhausen.de\/cms\/wp-json\/wp\/v2\/pages\/108\/revisions\/1304"}],"up":[{"embeddable":true,"href":"https:\/\/tsg-badenhausen.de\/cms\/wp-json\/wp\/v2\/pages\/21"}],"wp:attachment":[{"href":"https:\/\/tsg-badenhausen.de\/cms\/wp-json\/wp\/v2\/media?parent=108"}],"curies":[{"name":"wp","href":"https:\/\/api.w.org\/{rel}","templated":true}]}}