{"id":104,"date":"2013-08-08T12:21:29","date_gmt":"2013-08-08T10:21:29","guid":{"rendered":"http:\/\/tsg-badenhausen.de\/?page_id=104"},"modified":"2018-09-07T02:33:25","modified_gmt":"2018-09-07T00:33:25","slug":"turnen-der-schulkinder","status":"publish","type":"page","link":"https:\/\/tsg-badenhausen.de\/cms\/handball\/turnen-der-schulkinder.html","title":{"rendered":"Turnen der Schulkinder"},"content":{"rendered":"<p><strong>Mittwoch, 17.15 \u2013 18.15 Uhr, gro\u00dfe Turnhalle, \u00dcL: Werner Bohnen<\/strong><\/p>\n<p>Unsere Schulkinder treffen sich an jedem Mittwoch zu einem sehr abwechslungsreichen Sportprogramm.<br \/>\nDort wird f\u00fcr Ger\u00e4teturnwettk\u00e4mpfe und f\u00fcr die Hallenolympiade ge\u00fcbt. Im Sommer nehmen die Kinder<br \/>\nan Leichtathletikmeisterschaften und an Volksl\u00e4ufen, wie z. B. dem Osteroder Altstadtlauf teil.<\/p>\n<p><center><br \/>\n<a href=\"http:\/\/tsg-badenhausen.de\/cms\/wp-content\/uploads\/2013\/08\/Schul_Turnen_Gruppe.jpg\"><img decoding=\"async\" loading=\"lazy\" class=\"size-full wp-image-358\" src=\"http:\/\/tsg-badenhausen.de\/cms\/wp-content\/uploads\/2013\/08\/Schul_Turnen_Gruppe.jpg\" alt=\"Schulkinder Turnen Gruppe\" width=\"500\" height=\"333\" srcset=\"https:\/\/tsg-badenhausen.de\/cms\/wp-content\/uploads\/2013\/08\/Schul_Turnen_Gruppe.jpg 500w, https:\/\/tsg-badenhausen.de\/cms\/wp-content\/uploads\/2013\/08\/Schul_Turnen_Gruppe-300x199.jpg 300w\" sizes=\"(max-width: 500px) 100vw, 500px\" \/><\/a><\/center><a href=\"http:\/\/tsg-badenhausen.de\/cms\/wp-content\/uploads\/2013\/08\/Schul_Turnen_1.jpg\"><img decoding=\"async\" loading=\"lazy\" class=\"size-full wp-image-354 aligncenter\" src=\"http:\/\/tsg-badenhausen.de\/cms\/wp-content\/uploads\/2013\/08\/Schul_Turnen_1.jpg\" alt=\"Schulkinder Turnen Bild 1\" width=\"500\" height=\"333\" srcset=\"https:\/\/tsg-badenhausen.de\/cms\/wp-content\/uploads\/2013\/08\/Schul_Turnen_1.jpg 500w, https:\/\/tsg-badenhausen.de\/cms\/wp-content\/uploads\/2013\/08\/Schul_Turnen_1-300x199.jpg 300w\" sizes=\"(max-width: 500px) 100vw, 500px\" \/><\/a><br \/>\n<a href=\"http:\/\/tsg-badenhausen.de\/cms\/wp-content\/uploads\/2013\/08\/Schul_Turnen_2.jpg\"><img decoding=\"async\" loading=\"lazy\" class=\"size-full wp-image-355 aligncenter\" src=\"http:\/\/tsg-badenhausen.de\/cms\/wp-content\/uploads\/2013\/08\/Schul_Turnen_2.jpg\" alt=\"Schulkinder Turnen Bild 2\" width=\"500\" height=\"333\" srcset=\"https:\/\/tsg-badenhausen.de\/cms\/wp-content\/uploads\/2013\/08\/Schul_Turnen_2.jpg 500w, https:\/\/tsg-badenhausen.de\/cms\/wp-content\/uploads\/2013\/08\/Schul_Turnen_2-300x199.jpg 300w\" sizes=\"(max-width: 500px) 100vw, 500px\" \/><\/a><br \/>\n<a href=\"http:\/\/tsg-badenhausen.de\/cms\/wp-content\/uploads\/2013\/08\/Schul_Turnen_3.jpg\"><img decoding=\"async\" loading=\"lazy\" class=\"size-full wp-image-356 aligncenter\" src=\"http:\/\/tsg-badenhausen.de\/cms\/wp-content\/uploads\/2013\/08\/Schul_Turnen_3.jpg\" alt=\"Schulkinder Turnen Bild 3\" width=\"500\" height=\"333\" srcset=\"https:\/\/tsg-badenhausen.de\/cms\/wp-content\/uploads\/2013\/08\/Schul_Turnen_3.jpg 500w, https:\/\/tsg-badenhausen.de\/cms\/wp-content\/uploads\/2013\/08\/Schul_Turnen_3-300x199.jpg 300w\" sizes=\"(max-width: 500px) 100vw, 500px\" \/><\/a><\/p>\n","protected":false},"excerpt":{"rendered":"<p>Mittwoch, 17.15 \u2013 18.15 Uhr, gro\u00dfe Turnhalle, \u00dcL: Werner Bohnen Unsere Schulkinder treffen sich an jedem Mittwoch zu einem sehr abwechslungsreichen Sportprogramm. Dort wird f\u00fcr Ger\u00e4teturnwettk\u00e4mpfe und f\u00fcr die Hallenolympiade ge\u00fcbt. Im Sommer nehmen die Kinder an Leichtathletikmeisterschaften und an Volksl\u00e4ufen, wie z. B. dem Osteroder Altstadtlauf teil.<\/p>\n","protected":false},"author":3,"featured_media":0,"parent":21,"menu_order":0,"comment_status":"closed","ping_status":"open","template":"","meta":{"_links_to":"","_links_to_target":""},"_links":{"self":[{"href":"https:\/\/tsg-badenhausen.de\/cms\/wp-json\/wp\/v2\/pages\/104"}],"collection":[{"href":"https:\/\/tsg-badenhausen.de\/cms\/wp-json\/wp\/v2\/pages"}],"about":[{"href":"https:\/\/tsg-badenhausen.de\/cms\/wp-json\/wp\/v2\/types\/page"}],"author":[{"embeddable":true,"href":"https:\/\/tsg-badenhausen.de\/cms\/wp-json\/wp\/v2\/users\/3"}],"replies":[{"embeddable":true,"href":"https:\/\/tsg-badenhausen.de\/cms\/wp-json\/wp\/v2\/comments?post=104"}],"version-history":[{"count":10,"href":"https:\/\/tsg-badenhausen.de\/cms\/wp-json\/wp\/v2\/pages\/104\/revisions"}],"predecessor-version":[{"id":3007,"href":"https:\/\/tsg-badenhausen.de\/cms\/wp-json\/wp\/v2\/pages\/104\/revisions\/3007"}],"up":[{"embeddable":true,"href":"https:\/\/tsg-badenhausen.de\/cms\/wp-json\/wp\/v2\/pages\/21"}],"wp:attachment":[{"href":"https:\/\/tsg-badenhausen.de\/cms\/wp-json\/wp\/v2\/media?parent=104"}],"curies":[{"name":"wp","href":"https:\/\/api.w.org\/{rel}","templated":true}]}}