{"id":102,"date":"2013-08-08T12:21:04","date_gmt":"2013-08-08T10:21:04","guid":{"rendered":"http:\/\/tsg-badenhausen.de\/?page_id=102"},"modified":"2014-01-05T00:43:40","modified_gmt":"2014-01-04T22:43:40","slug":"turnen-der-kindergartenkinder","status":"publish","type":"page","link":"https:\/\/tsg-badenhausen.de\/cms\/handball\/turnen-der-kindergartenkinder.html","title":{"rendered":"Turnen der Kindergartenkinder"},"content":{"rendered":"<p><strong>Mittwoch, 16.15 \u2013 17.15 Uhr, kleine Turnhalle, \u00dcL: Werner Bohnen<\/strong><\/p>\n<p>Nach dem Aufw\u00e4rmen in Form von Spielen oder Geschicklichkeits\u00fcbungen wird meist ein Zirkel mit<br \/>\nverschiedenen Ger\u00e4ten aufgebaut. Da gilt es einen Wassergraben mit hungrigen Krokodilen mit Hilfe<br \/>\nder Seile zu \u00fcberwinden, oder eine gef\u00e4hrliche H\u00e4ngebr\u00fccke im Urwald entlang zu balancieren. Zum<br \/>\nSchluss wird dann noch eine Runde gespielt. Die Kindergartenkinder nehmen im Winterhalbjahr regel-<br \/>\nm\u00e4\u00dfig am Puzzle-Turnen und der Hallenolympiade teil. In den Sommermonaten wird m\u00f6glichst auf<br \/>\ndem Sportplatz f\u00fcr Leichtathletikwettk\u00e4mpfe ge\u00fcbt.<\/p>\n<p>&nbsp;<\/p>\n<p><a href=\"http:\/\/tsg-badenhausen.de\/cms\/wp-content\/uploads\/2013\/08\/Kiga-Turnen_Gruppe.jpg\"><img decoding=\"async\" loading=\"lazy\" class=\"size-full wp-image-350 aligncenter\" alt=\"Kindergarten Turnen Gruppe\" src=\"http:\/\/tsg-badenhausen.de\/cms\/wp-content\/uploads\/2013\/08\/Kiga-Turnen_Gruppe.jpg\" width=\"500\" height=\"333\" srcset=\"https:\/\/tsg-badenhausen.de\/cms\/wp-content\/uploads\/2013\/08\/Kiga-Turnen_Gruppe.jpg 500w, https:\/\/tsg-badenhausen.de\/cms\/wp-content\/uploads\/2013\/08\/Kiga-Turnen_Gruppe-300x199.jpg 300w\" sizes=\"(max-width: 500px) 100vw, 500px\" \/><\/a><\/p>\n<p><strong> <\/strong><a href=\"http:\/\/tsg-badenhausen.de\/cms\/wp-content\/uploads\/2013\/08\/Kiga-Turnen_1.jpg\"><img decoding=\"async\" loading=\"lazy\" class=\"size-full wp-image-344 aligncenter\" alt=\"Kindergarten Turnen Bild 1\" src=\"http:\/\/tsg-badenhausen.de\/cms\/wp-content\/uploads\/2013\/08\/Kiga-Turnen_1.jpg\" width=\"500\" height=\"333\" srcset=\"https:\/\/tsg-badenhausen.de\/cms\/wp-content\/uploads\/2013\/08\/Kiga-Turnen_1.jpg 500w, https:\/\/tsg-badenhausen.de\/cms\/wp-content\/uploads\/2013\/08\/Kiga-Turnen_1-300x199.jpg 300w\" sizes=\"(max-width: 500px) 100vw, 500px\" \/><\/a><\/p>\n<p><a href=\"http:\/\/tsg-badenhausen.de\/cms\/wp-content\/uploads\/2013\/08\/Kiga-Turnen_2.jpg\"><img decoding=\"async\" loading=\"lazy\" class=\"size-full wp-image-346 aligncenter\" alt=\"Kindergarten Turnen Bild 2\" src=\"http:\/\/tsg-badenhausen.de\/cms\/wp-content\/uploads\/2013\/08\/Kiga-Turnen_2.jpg\" width=\"500\" height=\"333\" srcset=\"https:\/\/tsg-badenhausen.de\/cms\/wp-content\/uploads\/2013\/08\/Kiga-Turnen_2.jpg 500w, https:\/\/tsg-badenhausen.de\/cms\/wp-content\/uploads\/2013\/08\/Kiga-Turnen_2-300x199.jpg 300w\" sizes=\"(max-width: 500px) 100vw, 500px\" \/><\/a><\/p>\n<p><a href=\"http:\/\/tsg-badenhausen.de\/cms\/wp-content\/uploads\/2013\/08\/Kiga-Turnen_3.jpg\"><img decoding=\"async\" loading=\"lazy\" class=\"size-full wp-image-347 aligncenter\" alt=\"Kindergarten Turnen Bild 3\" src=\"http:\/\/tsg-badenhausen.de\/cms\/wp-content\/uploads\/2013\/08\/Kiga-Turnen_3.jpg\" width=\"500\" height=\"333\" srcset=\"https:\/\/tsg-badenhausen.de\/cms\/wp-content\/uploads\/2013\/08\/Kiga-Turnen_3.jpg 500w, https:\/\/tsg-badenhausen.de\/cms\/wp-content\/uploads\/2013\/08\/Kiga-Turnen_3-300x199.jpg 300w\" sizes=\"(max-width: 500px) 100vw, 500px\" \/><\/a><\/p>\n<p><a href=\"http:\/\/tsg-badenhausen.de\/cms\/wp-content\/uploads\/2013\/08\/Kiga-Turnen_4.jpg\"><img decoding=\"async\" loading=\"lazy\" class=\"size-full wp-image-348 aligncenter\" alt=\"Kindergarten Turnen Bild 4\" src=\"http:\/\/tsg-badenhausen.de\/cms\/wp-content\/uploads\/2013\/08\/Kiga-Turnen_4.jpg\" width=\"500\" height=\"333\" srcset=\"https:\/\/tsg-badenhausen.de\/cms\/wp-content\/uploads\/2013\/08\/Kiga-Turnen_4.jpg 500w, https:\/\/tsg-badenhausen.de\/cms\/wp-content\/uploads\/2013\/08\/Kiga-Turnen_4-300x199.jpg 300w\" sizes=\"(max-width: 500px) 100vw, 500px\" \/><\/a><\/p>\n<p><a href=\"http:\/\/tsg-badenhausen.de\/cms\/wp-content\/uploads\/2013\/08\/Kiga-Turnen_5.jpg\"><img decoding=\"async\" loading=\"lazy\" class=\"size-full wp-image-349 aligncenter\" alt=\"Kindergarten Turnen Bild 5\" src=\"http:\/\/tsg-badenhausen.de\/cms\/wp-content\/uploads\/2013\/08\/Kiga-Turnen_5.jpg\" width=\"500\" height=\"333\" srcset=\"https:\/\/tsg-badenhausen.de\/cms\/wp-content\/uploads\/2013\/08\/Kiga-Turnen_5.jpg 500w, https:\/\/tsg-badenhausen.de\/cms\/wp-content\/uploads\/2013\/08\/Kiga-Turnen_5-300x199.jpg 300w\" sizes=\"(max-width: 500px) 100vw, 500px\" \/><\/a><\/p>\n<p>&nbsp;<\/p>\n","protected":false},"excerpt":{"rendered":"<p>Mittwoch, 16.15 \u2013 17.15 Uhr, kleine Turnhalle, \u00dcL: Werner Bohnen Nach dem Aufw\u00e4rmen in Form von Spielen oder Geschicklichkeits\u00fcbungen wird meist ein Zirkel mit verschiedenen Ger\u00e4ten aufgebaut. Da gilt es einen Wassergraben mit hungrigen Krokodilen mit Hilfe der Seile zu \u00fcberwinden, oder eine gef\u00e4hrliche H\u00e4ngebr\u00fccke im Urwald entlang zu balancieren. Zum Schluss wird dann noch [&hellip;]<\/p>\n","protected":false},"author":3,"featured_media":0,"parent":21,"menu_order":0,"comment_status":"closed","ping_status":"open","template":"","meta":{"_links_to":"","_links_to_target":""},"_links":{"self":[{"href":"https:\/\/tsg-badenhausen.de\/cms\/wp-json\/wp\/v2\/pages\/102"}],"collection":[{"href":"https:\/\/tsg-badenhausen.de\/cms\/wp-json\/wp\/v2\/pages"}],"about":[{"href":"https:\/\/tsg-badenhausen.de\/cms\/wp-json\/wp\/v2\/types\/page"}],"author":[{"embeddable":true,"href":"https:\/\/tsg-badenhausen.de\/cms\/wp-json\/wp\/v2\/users\/3"}],"replies":[{"embeddable":true,"href":"https:\/\/tsg-badenhausen.de\/cms\/wp-json\/wp\/v2\/comments?post=102"}],"version-history":[{"count":10,"href":"https:\/\/tsg-badenhausen.de\/cms\/wp-json\/wp\/v2\/pages\/102\/revisions"}],"predecessor-version":[{"id":1300,"href":"https:\/\/tsg-badenhausen.de\/cms\/wp-json\/wp\/v2\/pages\/102\/revisions\/1300"}],"up":[{"embeddable":true,"href":"https:\/\/tsg-badenhausen.de\/cms\/wp-json\/wp\/v2\/pages\/21"}],"wp:attachment":[{"href":"https:\/\/tsg-badenhausen.de\/cms\/wp-json\/wp\/v2\/media?parent=102"}],"curies":[{"name":"wp","href":"https:\/\/api.w.org\/{rel}","templated":true}]}}